{"id":9980,"date":"2025-02-26T18:12:42","date_gmt":"2025-02-26T17:12:42","guid":{"rendered":"https:\/\/minhogalo.com\/produit\/sweat-a-capuche-unisexe-top-galo-minho\/"},"modified":"2025-03-12T21:12:04","modified_gmt":"2025-03-12T20:12:04","slug":"sweat-a-capuche-unisexe-top-galo-minho","status":"publish","type":"product","link":"https:\/\/minhogalo.com\/fr\/produit\/sweat-a-capuche-unisexe-top-galo-minho\/","title":{"rendered":"Sweat \u00e0 capuche unisexe | Top Galo Minho"},"content":{"rendered":"<p>Qui aurait cru que le sweat \u00e0 capuche le plus doux que vous poss\u00e9derez aurait un design aussi styl\u00e9 sur le Minho Portugal. Vous ne regretterez pas d&rsquo;avoir choisi cette pi\u00e8ce classique avec poche et capuche, parfaite pour les soir\u00e9es fra\u00eeches du Minho.<\/p>\n<p>\u2022 Face 100 % coton<br \/>\n\u2022 65 % coton fil\u00e9 \u00e0 l\u2019anneau, 35 % polyester<br \/>\n\u2022 Poche avant<br \/>\n\u2022 Patch dans le m\u00eame tissu au dos<br \/>\n\u2022 Cordons de serrage de couleurs assorties<br \/>\n\u2022 Capuche \u00e0 3 panneaux<br \/>\n\u2022 Produit vierge provenant du Pakistan<br \/>\n[Notre objectif ultime est de produire notre t-shirts enti\u00e8rement au Portugal, mais en tant que nouvelle entreprise, nous travaillons progressivement vers cet objectif.]\n","protected":false},"excerpt":{"rendered":"<p>D\u00e9couvrez notre sweat \u00e0 capuche unisexe, une pi\u00e8ce indispensable pour tous les amoureux du Portugal et de la r\u00e9gion du Minho. Commandez votre sweat \u00e0 capuche Men In Braga Minhogalo.Encomende o seu casaco com capuz Top Galo Minho Minhogalo.<\/p>\n","protected":false},"featured_media":9979,"comment_status":"open","ping_status":"closed","template":"","meta":[],"product_brand":[],"product_cat":[732],"product_tag":[],"class_list":{"0":"post-9980","1":"product","2":"type-product","3":"status-publish","4":"has-post-thumbnail","6":"product_cat-sweat-a-capuche-fr","8":"first","9":"instock","10":"taxable","11":"shipping-taxable","12":"purchasable","13":"product-type-variable","14":"prodpage-style3"},"yoast_head":"<!-- This site is optimized with the Yoast SEO plugin v27.4 - https:\/\/yoast.com\/product\/yoast-seo-wordpress\/ -->\n<title>Sweat \u00e0 capuche unisexe | Top Galo Minho - Minhogalo<\/title>\n<meta name=\"description\" content=\"D\u00e9couvrez notre sweat \u00e0 capuche unisexe, une pi\u00e8ce indispensable pour tous les amoureux du Portugal et de la r\u00e9gion du Minho. Commandez votre sweat \u00e0 capuche Minhogalo\" \/>\n<meta name=\"robots\" content=\"index, follow, max-snippet:-1, max-image-preview:large, max-video-preview:-1\" \/>\n<link rel=\"canonical\" href=\"https:\/\/minhogalo.com\/fr\/produit\/sweat-a-capuche-unisexe-top-galo-minho\/\" \/>\n<meta property=\"og:locale\" content=\"fr_FR\" \/>\n<meta property=\"og:type\" content=\"article\" \/>\n<meta property=\"og:title\" content=\"Sweat \u00e0 capuche unisexe | Top Galo Minho - Minhogalo\" \/>\n<meta property=\"og:description\" content=\"D\u00e9couvrez notre sweat \u00e0 capuche unisexe, une pi\u00e8ce indispensable pour tous les amoureux du Portugal et de la r\u00e9gion du Minho. Commandez votre sweat \u00e0 capuche Minhogalo\" \/>\n<meta property=\"og:url\" content=\"https:\/\/minhogalo.com\/fr\/produit\/sweat-a-capuche-unisexe-top-galo-minho\/\" \/>\n<meta property=\"og:site_name\" content=\"Minhogalo\" \/>\n<meta property=\"article:publisher\" content=\"https:\/\/www.facebook.com\/minhogalo\/\" \/>\n<meta property=\"article:modified_time\" content=\"2025-03-12T20:12:04+00:00\" \/>\n<meta property=\"og:image\" content=\"https:\/\/minhogalo.com\/wp-content\/uploads\/2025\/02\/unisex-premium-hoodie-forest-green-front-67bf4b813bbd3.jpg\" \/>\n\t<meta property=\"og:image:width\" content=\"2000\" \/>\n\t<meta property=\"og:image:height\" content=\"2000\" \/>\n\t<meta property=\"og:image:type\" content=\"image\/jpeg\" \/>\n<meta name=\"twitter:card\" content=\"summary_large_image\" \/>\n<meta name=\"twitter:label1\" content=\"Dur\u00e9e de lecture estim\u00e9e\" \/>\n\t<meta name=\"twitter:data1\" content=\"1 minute\" \/>\n<script type=\"application\/ld+json\" class=\"yoast-schema-graph\">{\"@context\":\"https:\\\/\\\/schema.org\",\"@graph\":[{\"@type\":\"WebPage\",\"@id\":\"https:\\\/\\\/minhogalo.com\\\/fr\\\/produit\\\/sweat-a-capuche-unisexe-top-galo-minho\\\/\",\"url\":\"https:\\\/\\\/minhogalo.com\\\/fr\\\/produit\\\/sweat-a-capuche-unisexe-top-galo-minho\\\/\",\"name\":\"Sweat \u00e0 capuche unisexe | Top Galo Minho - Minhogalo\",\"isPartOf\":{\"@id\":\"https:\\\/\\\/minhogalo.com\\\/#website\"},\"primaryImageOfPage\":{\"@id\":\"https:\\\/\\\/minhogalo.com\\\/fr\\\/produit\\\/sweat-a-capuche-unisexe-top-galo-minho\\\/#primaryimage\"},\"image\":{\"@id\":\"https:\\\/\\\/minhogalo.com\\\/fr\\\/produit\\\/sweat-a-capuche-unisexe-top-galo-minho\\\/#primaryimage\"},\"thumbnailUrl\":\"https:\\\/\\\/minhogalo.com\\\/wp-content\\\/uploads\\\/2025\\\/02\\\/unisex-premium-hoodie-forest-green-front-67bf4b813bbd3.jpg\",\"datePublished\":\"2025-02-26T17:12:42+00:00\",\"dateModified\":\"2025-03-12T20:12:04+00:00\",\"description\":\"D\u00e9couvrez notre sweat \u00e0 capuche unisexe, une pi\u00e8ce indispensable pour tous les amoureux du Portugal et de la r\u00e9gion du Minho. Commandez votre sweat \u00e0 capuche Minhogalo\",\"breadcrumb\":{\"@id\":\"https:\\\/\\\/minhogalo.com\\\/fr\\\/produit\\\/sweat-a-capuche-unisexe-top-galo-minho\\\/#breadcrumb\"},\"inLanguage\":\"fr-FR\",\"potentialAction\":[{\"@type\":\"ReadAction\",\"target\":[\"https:\\\/\\\/minhogalo.com\\\/fr\\\/produit\\\/sweat-a-capuche-unisexe-top-galo-minho\\\/\"]}]},{\"@type\":\"ImageObject\",\"inLanguage\":\"fr-FR\",\"@id\":\"https:\\\/\\\/minhogalo.com\\\/fr\\\/produit\\\/sweat-a-capuche-unisexe-top-galo-minho\\\/#primaryimage\",\"url\":\"https:\\\/\\\/minhogalo.com\\\/wp-content\\\/uploads\\\/2025\\\/02\\\/unisex-premium-hoodie-forest-green-front-67bf4b813bbd3.jpg\",\"contentUrl\":\"https:\\\/\\\/minhogalo.com\\\/wp-content\\\/uploads\\\/2025\\\/02\\\/unisex-premium-hoodie-forest-green-front-67bf4b813bbd3.jpg\",\"width\":2000,\"height\":2000},{\"@type\":\"BreadcrumbList\",\"@id\":\"https:\\\/\\\/minhogalo.com\\\/fr\\\/produit\\\/sweat-a-capuche-unisexe-top-galo-minho\\\/#breadcrumb\",\"itemListElement\":[{\"@type\":\"ListItem\",\"position\":1,\"name\":\"Accueil\",\"item\":\"https:\\\/\\\/minhogalo.com\\\/fr\\\/\"},{\"@type\":\"ListItem\",\"position\":2,\"name\":\"Boutique\",\"item\":\"https:\\\/\\\/minhogalo.com\\\/fr\\\/\"},{\"@type\":\"ListItem\",\"position\":3,\"name\":\"Sweat \u00e0 capuche unisexe | Top Galo Minho\"}]},{\"@type\":\"WebSite\",\"@id\":\"https:\\\/\\\/minhogalo.com\\\/#website\",\"url\":\"https:\\\/\\\/minhogalo.com\\\/\",\"name\":\"Minhogalo\",\"description\":\"A marca do Norte\",\"publisher\":{\"@id\":\"https:\\\/\\\/minhogalo.com\\\/#organization\"},\"potentialAction\":[{\"@type\":\"SearchAction\",\"target\":{\"@type\":\"EntryPoint\",\"urlTemplate\":\"https:\\\/\\\/minhogalo.com\\\/?s={search_term_string}\"},\"query-input\":{\"@type\":\"PropertyValueSpecification\",\"valueRequired\":true,\"valueName\":\"search_term_string\"}}],\"inLanguage\":\"fr-FR\"},{\"@type\":\"Organization\",\"@id\":\"https:\\\/\\\/minhogalo.com\\\/#organization\",\"name\":\"Minhogalo\",\"url\":\"https:\\\/\\\/minhogalo.com\\\/\",\"logo\":{\"@type\":\"ImageObject\",\"inLanguage\":\"fr-FR\",\"@id\":\"https:\\\/\\\/minhogalo.com\\\/#\\\/schema\\\/logo\\\/image\\\/\",\"url\":\"http:\\\/\\\/minhogalo.com\\\/wp-content\\\/uploads\\\/2023\\\/06\\\/cropped-favicon_minhogalo_t-shirt_do_minho_portugal.png\",\"contentUrl\":\"http:\\\/\\\/minhogalo.com\\\/wp-content\\\/uploads\\\/2023\\\/06\\\/cropped-favicon_minhogalo_t-shirt_do_minho_portugal.png\",\"width\":512,\"height\":512,\"caption\":\"Minhogalo\"},\"image\":{\"@id\":\"https:\\\/\\\/minhogalo.com\\\/#\\\/schema\\\/logo\\\/image\\\/\"},\"sameAs\":[\"https:\\\/\\\/www.facebook.com\\\/minhogalo\\\/\",\"https:\\\/\\\/www.instagram.com\\\/minhogalo\\\/\",\"https:\\\/\\\/www.pinterest.fr\\\/Minhogalo\\\/\",\"https:\\\/\\\/www.youtube.com\\\/@minhogalo6482\"]}]}<\/script>\n<!-- \/ Yoast SEO plugin. -->","yoast_head_json":{"title":"Sweat \u00e0 capuche unisexe | Top Galo Minho - Minhogalo","description":"D\u00e9couvrez notre sweat \u00e0 capuche unisexe, une pi\u00e8ce indispensable pour tous les amoureux du Portugal et de la r\u00e9gion du Minho. Commandez votre sweat \u00e0 capuche Minhogalo","robots":{"index":"index","follow":"follow","max-snippet":"max-snippet:-1","max-image-preview":"max-image-preview:large","max-video-preview":"max-video-preview:-1"},"canonical":"https:\/\/minhogalo.com\/fr\/produit\/sweat-a-capuche-unisexe-top-galo-minho\/","og_locale":"fr_FR","og_type":"article","og_title":"Sweat \u00e0 capuche unisexe | Top Galo Minho - Minhogalo","og_description":"D\u00e9couvrez notre sweat \u00e0 capuche unisexe, une pi\u00e8ce indispensable pour tous les amoureux du Portugal et de la r\u00e9gion du Minho. Commandez votre sweat \u00e0 capuche Minhogalo","og_url":"https:\/\/minhogalo.com\/fr\/produit\/sweat-a-capuche-unisexe-top-galo-minho\/","og_site_name":"Minhogalo","article_publisher":"https:\/\/www.facebook.com\/minhogalo\/","article_modified_time":"2025-03-12T20:12:04+00:00","og_image":[{"width":2000,"height":2000,"url":"https:\/\/minhogalo.com\/wp-content\/uploads\/2025\/02\/unisex-premium-hoodie-forest-green-front-67bf4b813bbd3.jpg","type":"image\/jpeg"}],"twitter_card":"summary_large_image","twitter_misc":{"Dur\u00e9e de lecture estim\u00e9e":"1 minute"},"schema":{"@context":"https:\/\/schema.org","@graph":[{"@type":"WebPage","@id":"https:\/\/minhogalo.com\/fr\/produit\/sweat-a-capuche-unisexe-top-galo-minho\/","url":"https:\/\/minhogalo.com\/fr\/produit\/sweat-a-capuche-unisexe-top-galo-minho\/","name":"Sweat \u00e0 capuche unisexe | Top Galo Minho - Minhogalo","isPartOf":{"@id":"https:\/\/minhogalo.com\/#website"},"primaryImageOfPage":{"@id":"https:\/\/minhogalo.com\/fr\/produit\/sweat-a-capuche-unisexe-top-galo-minho\/#primaryimage"},"image":{"@id":"https:\/\/minhogalo.com\/fr\/produit\/sweat-a-capuche-unisexe-top-galo-minho\/#primaryimage"},"thumbnailUrl":"https:\/\/minhogalo.com\/wp-content\/uploads\/2025\/02\/unisex-premium-hoodie-forest-green-front-67bf4b813bbd3.jpg","datePublished":"2025-02-26T17:12:42+00:00","dateModified":"2025-03-12T20:12:04+00:00","description":"D\u00e9couvrez notre sweat \u00e0 capuche unisexe, une pi\u00e8ce indispensable pour tous les amoureux du Portugal et de la r\u00e9gion du Minho. Commandez votre sweat \u00e0 capuche Minhogalo","breadcrumb":{"@id":"https:\/\/minhogalo.com\/fr\/produit\/sweat-a-capuche-unisexe-top-galo-minho\/#breadcrumb"},"inLanguage":"fr-FR","potentialAction":[{"@type":"ReadAction","target":["https:\/\/minhogalo.com\/fr\/produit\/sweat-a-capuche-unisexe-top-galo-minho\/"]}]},{"@type":"ImageObject","inLanguage":"fr-FR","@id":"https:\/\/minhogalo.com\/fr\/produit\/sweat-a-capuche-unisexe-top-galo-minho\/#primaryimage","url":"https:\/\/minhogalo.com\/wp-content\/uploads\/2025\/02\/unisex-premium-hoodie-forest-green-front-67bf4b813bbd3.jpg","contentUrl":"https:\/\/minhogalo.com\/wp-content\/uploads\/2025\/02\/unisex-premium-hoodie-forest-green-front-67bf4b813bbd3.jpg","width":2000,"height":2000},{"@type":"BreadcrumbList","@id":"https:\/\/minhogalo.com\/fr\/produit\/sweat-a-capuche-unisexe-top-galo-minho\/#breadcrumb","itemListElement":[{"@type":"ListItem","position":1,"name":"Accueil","item":"https:\/\/minhogalo.com\/fr\/"},{"@type":"ListItem","position":2,"name":"Boutique","item":"https:\/\/minhogalo.com\/fr\/"},{"@type":"ListItem","position":3,"name":"Sweat \u00e0 capuche unisexe | Top Galo Minho"}]},{"@type":"WebSite","@id":"https:\/\/minhogalo.com\/#website","url":"https:\/\/minhogalo.com\/","name":"Minhogalo","description":"A marca do Norte","publisher":{"@id":"https:\/\/minhogalo.com\/#organization"},"potentialAction":[{"@type":"SearchAction","target":{"@type":"EntryPoint","urlTemplate":"https:\/\/minhogalo.com\/?s={search_term_string}"},"query-input":{"@type":"PropertyValueSpecification","valueRequired":true,"valueName":"search_term_string"}}],"inLanguage":"fr-FR"},{"@type":"Organization","@id":"https:\/\/minhogalo.com\/#organization","name":"Minhogalo","url":"https:\/\/minhogalo.com\/","logo":{"@type":"ImageObject","inLanguage":"fr-FR","@id":"https:\/\/minhogalo.com\/#\/schema\/logo\/image\/","url":"http:\/\/minhogalo.com\/wp-content\/uploads\/2023\/06\/cropped-favicon_minhogalo_t-shirt_do_minho_portugal.png","contentUrl":"http:\/\/minhogalo.com\/wp-content\/uploads\/2023\/06\/cropped-favicon_minhogalo_t-shirt_do_minho_portugal.png","width":512,"height":512,"caption":"Minhogalo"},"image":{"@id":"https:\/\/minhogalo.com\/#\/schema\/logo\/image\/"},"sameAs":["https:\/\/www.facebook.com\/minhogalo\/","https:\/\/www.instagram.com\/minhogalo\/","https:\/\/www.pinterest.fr\/Minhogalo\/","https:\/\/www.youtube.com\/@minhogalo6482"]}]}},"_links":{"self":[{"href":"https:\/\/minhogalo.com\/fr\/wp-json\/wp\/v2\/product\/9980","targetHints":{"allow":["GET"]}}],"collection":[{"href":"https:\/\/minhogalo.com\/fr\/wp-json\/wp\/v2\/product"}],"about":[{"href":"https:\/\/minhogalo.com\/fr\/wp-json\/wp\/v2\/types\/product"}],"replies":[{"embeddable":true,"href":"https:\/\/minhogalo.com\/fr\/wp-json\/wp\/v2\/comments?post=9980"}],"wp:featuredmedia":[{"embeddable":true,"href":"https:\/\/minhogalo.com\/fr\/wp-json\/wp\/v2\/media\/9979"}],"wp:attachment":[{"href":"https:\/\/minhogalo.com\/fr\/wp-json\/wp\/v2\/media?parent=9980"}],"wp:term":[{"taxonomy":"product_brand","embeddable":true,"href":"https:\/\/minhogalo.com\/fr\/wp-json\/wp\/v2\/product_brand?post=9980"},{"taxonomy":"product_cat","embeddable":true,"href":"https:\/\/minhogalo.com\/fr\/wp-json\/wp\/v2\/product_cat?post=9980"},{"taxonomy":"product_tag","embeddable":true,"href":"https:\/\/minhogalo.com\/fr\/wp-json\/wp\/v2\/product_tag?post=9980"}],"curies":[{"name":"wp","href":"https:\/\/api.w.org\/{rel}","templated":true}]}}