{"id":9252,"date":"2025-01-19T16:05:15","date_gmt":"2025-01-19T15:05:15","guid":{"rendered":"https:\/\/minhogalo.com\/produit\/poster-45x60-cm-ranchonroll-2\/"},"modified":"2025-03-12T21:39:55","modified_gmt":"2025-03-12T20:39:55","slug":"poster-45x60-cm-ranchonroll-2","status":"publish","type":"product","link":"https:\/\/minhogalo.com\/fr\/produit\/poster-45x60-cm-ranchonroll-2\/","title":{"rendered":"Poster 45\u00d760 cm | Rancho\u2019n\u2019Roll"},"content":{"rendered":"<p>Posters de haute qualit\u00e9 fabriqu\u00e9s en papier mat, \u00e9pais et durable.<\/p>\n<p>Apportez une touche sp\u00e9ciale \u00e0 votre salon ou bureau avec ces posters qui illumineront \u00e0 coup s\u00fbr n\u2019importe quel espace.<\/p>\n<p>\u2022 \u00c9paisseur du papier : 0,26 mm<br \/>\n\u2022 Grammage du papier : 189 g\/m\u00b2<br \/>\n\u2022 Qualit\u00e9 d\u2019impression gicl\u00e9e<br \/>\n\u2022 Opacit\u00e9 : 94 %<br \/>\n\u2022 Papier import\u00e9 du Japon<br \/>\n[Notre objectif final est de produire enti\u00e8rement nos produits au Portugal, mais en tant que jeune entreprise, nous travaillons progressivement pour atteindre cet objectif.]\n","protected":false},"excerpt":{"rendered":"<p>D\u00e9couvrez notre poster de haute qualit\u00e9, un article essentiel pour tous les amoureux du Portugal et du Minho. Commandez d\u00e8s maintenant votre poster Rancho\u2019n\u2019Roll Minhogalo.<\/p>\n","protected":false},"featured_media":9251,"comment_status":"open","ping_status":"closed","template":"","meta":[],"product_brand":[],"product_cat":[729],"product_tag":[],"class_list":{"0":"post-9252","1":"product","2":"type-product","3":"status-publish","4":"has-post-thumbnail","6":"product_cat-poster-60x90-fr","8":"first","9":"instock","10":"taxable","11":"shipping-taxable","12":"purchasable","13":"product-type-simple","14":"prodpage-style3"},"yoast_head":"<!-- This site is optimized with the Yoast SEO plugin v27.4 - https:\/\/yoast.com\/product\/yoast-seo-wordpress\/ -->\n<title>Poster 45\u00d760 cm | Rancho\u2019n\u2019Roll - Minhogalo<\/title>\n<meta name=\"description\" content=\"D\u00e9couvrez notre poster de haute qualit\u00e9, un incontournable pour tous les amoureux du Portugal et du Minho. Commandez d\u00e8s maintenant votre poster Rancho&#039;n&#039;Roll Minhogalo.\" \/>\n<meta name=\"robots\" content=\"index, follow, max-snippet:-1, max-image-preview:large, max-video-preview:-1\" \/>\n<link rel=\"canonical\" href=\"https:\/\/minhogalo.com\/fr\/produit\/poster-45x60-cm-ranchonroll-2\/\" \/>\n<meta property=\"og:locale\" content=\"fr_FR\" \/>\n<meta property=\"og:type\" content=\"article\" \/>\n<meta property=\"og:title\" content=\"Poster 45\u00d760 cm | Rancho\u2019n\u2019Roll - Minhogalo\" \/>\n<meta property=\"og:description\" content=\"D\u00e9couvrez notre poster de haute qualit\u00e9, un incontournable pour tous les amoureux du Portugal et du Minho. Commandez d\u00e8s maintenant votre poster Rancho&#039;n&#039;Roll Minhogalo.\" \/>\n<meta property=\"og:url\" content=\"https:\/\/minhogalo.com\/fr\/produit\/poster-45x60-cm-ranchonroll-2\/\" \/>\n<meta property=\"og:site_name\" content=\"Minhogalo\" \/>\n<meta property=\"article:publisher\" content=\"https:\/\/www.facebook.com\/minhogalo\/\" \/>\n<meta property=\"article:modified_time\" content=\"2025-03-12T20:39:55+00:00\" \/>\n<meta property=\"og:image\" content=\"https:\/\/minhogalo.com\/wp-content\/uploads\/2025\/01\/enhanced-matte-paper-poster-in-24x36-front-678d14a8c560b.jpg\" \/>\n\t<meta property=\"og:image:width\" content=\"2000\" \/>\n\t<meta property=\"og:image:height\" content=\"2000\" \/>\n\t<meta property=\"og:image:type\" content=\"image\/jpeg\" \/>\n<meta name=\"twitter:card\" content=\"summary_large_image\" \/>\n<script type=\"application\/ld+json\" class=\"yoast-schema-graph\">{\"@context\":\"https:\\\/\\\/schema.org\",\"@graph\":[{\"@type\":\"WebPage\",\"@id\":\"https:\\\/\\\/minhogalo.com\\\/fr\\\/produit\\\/poster-45x60-cm-ranchonroll-2\\\/\",\"url\":\"https:\\\/\\\/minhogalo.com\\\/fr\\\/produit\\\/poster-45x60-cm-ranchonroll-2\\\/\",\"name\":\"Poster 45\u00d760 cm | Rancho\u2019n\u2019Roll - Minhogalo\",\"isPartOf\":{\"@id\":\"https:\\\/\\\/minhogalo.com\\\/#website\"},\"primaryImageOfPage\":{\"@id\":\"https:\\\/\\\/minhogalo.com\\\/fr\\\/produit\\\/poster-45x60-cm-ranchonroll-2\\\/#primaryimage\"},\"image\":{\"@id\":\"https:\\\/\\\/minhogalo.com\\\/fr\\\/produit\\\/poster-45x60-cm-ranchonroll-2\\\/#primaryimage\"},\"thumbnailUrl\":\"https:\\\/\\\/minhogalo.com\\\/wp-content\\\/uploads\\\/2025\\\/01\\\/enhanced-matte-paper-poster-in-24x36-front-678d14a8c560b.jpg\",\"datePublished\":\"2025-01-19T15:05:15+00:00\",\"dateModified\":\"2025-03-12T20:39:55+00:00\",\"description\":\"D\u00e9couvrez notre poster de haute qualit\u00e9, un incontournable pour tous les amoureux du Portugal et du Minho. Commandez d\u00e8s maintenant votre poster Rancho'n'Roll Minhogalo.\",\"breadcrumb\":{\"@id\":\"https:\\\/\\\/minhogalo.com\\\/fr\\\/produit\\\/poster-45x60-cm-ranchonroll-2\\\/#breadcrumb\"},\"inLanguage\":\"fr-FR\",\"potentialAction\":[{\"@type\":\"ReadAction\",\"target\":[\"https:\\\/\\\/minhogalo.com\\\/fr\\\/produit\\\/poster-45x60-cm-ranchonroll-2\\\/\"]}]},{\"@type\":\"ImageObject\",\"inLanguage\":\"fr-FR\",\"@id\":\"https:\\\/\\\/minhogalo.com\\\/fr\\\/produit\\\/poster-45x60-cm-ranchonroll-2\\\/#primaryimage\",\"url\":\"https:\\\/\\\/minhogalo.com\\\/wp-content\\\/uploads\\\/2025\\\/01\\\/enhanced-matte-paper-poster-in-24x36-front-678d14a8c560b.jpg\",\"contentUrl\":\"https:\\\/\\\/minhogalo.com\\\/wp-content\\\/uploads\\\/2025\\\/01\\\/enhanced-matte-paper-poster-in-24x36-front-678d14a8c560b.jpg\",\"width\":2000,\"height\":2000},{\"@type\":\"BreadcrumbList\",\"@id\":\"https:\\\/\\\/minhogalo.com\\\/fr\\\/produit\\\/poster-45x60-cm-ranchonroll-2\\\/#breadcrumb\",\"itemListElement\":[{\"@type\":\"ListItem\",\"position\":1,\"name\":\"Accueil\",\"item\":\"https:\\\/\\\/minhogalo.com\\\/fr\\\/\"},{\"@type\":\"ListItem\",\"position\":2,\"name\":\"Boutique\",\"item\":\"https:\\\/\\\/minhogalo.com\\\/fr\\\/\"},{\"@type\":\"ListItem\",\"position\":3,\"name\":\"Poster 45\u00d760 cm | Rancho\u2019n\u2019Roll\"}]},{\"@type\":\"WebSite\",\"@id\":\"https:\\\/\\\/minhogalo.com\\\/#website\",\"url\":\"https:\\\/\\\/minhogalo.com\\\/\",\"name\":\"Minhogalo\",\"description\":\"A marca do Norte\",\"publisher\":{\"@id\":\"https:\\\/\\\/minhogalo.com\\\/#organization\"},\"potentialAction\":[{\"@type\":\"SearchAction\",\"target\":{\"@type\":\"EntryPoint\",\"urlTemplate\":\"https:\\\/\\\/minhogalo.com\\\/?s={search_term_string}\"},\"query-input\":{\"@type\":\"PropertyValueSpecification\",\"valueRequired\":true,\"valueName\":\"search_term_string\"}}],\"inLanguage\":\"fr-FR\"},{\"@type\":\"Organization\",\"@id\":\"https:\\\/\\\/minhogalo.com\\\/#organization\",\"name\":\"Minhogalo\",\"url\":\"https:\\\/\\\/minhogalo.com\\\/\",\"logo\":{\"@type\":\"ImageObject\",\"inLanguage\":\"fr-FR\",\"@id\":\"https:\\\/\\\/minhogalo.com\\\/#\\\/schema\\\/logo\\\/image\\\/\",\"url\":\"http:\\\/\\\/minhogalo.com\\\/wp-content\\\/uploads\\\/2023\\\/06\\\/cropped-favicon_minhogalo_t-shirt_do_minho_portugal.png\",\"contentUrl\":\"http:\\\/\\\/minhogalo.com\\\/wp-content\\\/uploads\\\/2023\\\/06\\\/cropped-favicon_minhogalo_t-shirt_do_minho_portugal.png\",\"width\":512,\"height\":512,\"caption\":\"Minhogalo\"},\"image\":{\"@id\":\"https:\\\/\\\/minhogalo.com\\\/#\\\/schema\\\/logo\\\/image\\\/\"},\"sameAs\":[\"https:\\\/\\\/www.facebook.com\\\/minhogalo\\\/\",\"https:\\\/\\\/www.instagram.com\\\/minhogalo\\\/\",\"https:\\\/\\\/www.pinterest.fr\\\/Minhogalo\\\/\",\"https:\\\/\\\/www.youtube.com\\\/@minhogalo6482\"]}]}<\/script>\n<!-- \/ Yoast SEO plugin. -->","yoast_head_json":{"title":"Poster 45\u00d760 cm | Rancho\u2019n\u2019Roll - Minhogalo","description":"D\u00e9couvrez notre poster de haute qualit\u00e9, un incontournable pour tous les amoureux du Portugal et du Minho. Commandez d\u00e8s maintenant votre poster Rancho'n'Roll Minhogalo.","robots":{"index":"index","follow":"follow","max-snippet":"max-snippet:-1","max-image-preview":"max-image-preview:large","max-video-preview":"max-video-preview:-1"},"canonical":"https:\/\/minhogalo.com\/fr\/produit\/poster-45x60-cm-ranchonroll-2\/","og_locale":"fr_FR","og_type":"article","og_title":"Poster 45\u00d760 cm | Rancho\u2019n\u2019Roll - Minhogalo","og_description":"D\u00e9couvrez notre poster de haute qualit\u00e9, un incontournable pour tous les amoureux du Portugal et du Minho. Commandez d\u00e8s maintenant votre poster Rancho'n'Roll Minhogalo.","og_url":"https:\/\/minhogalo.com\/fr\/produit\/poster-45x60-cm-ranchonroll-2\/","og_site_name":"Minhogalo","article_publisher":"https:\/\/www.facebook.com\/minhogalo\/","article_modified_time":"2025-03-12T20:39:55+00:00","og_image":[{"width":2000,"height":2000,"url":"https:\/\/minhogalo.com\/wp-content\/uploads\/2025\/01\/enhanced-matte-paper-poster-in-24x36-front-678d14a8c560b.jpg","type":"image\/jpeg"}],"twitter_card":"summary_large_image","schema":{"@context":"https:\/\/schema.org","@graph":[{"@type":"WebPage","@id":"https:\/\/minhogalo.com\/fr\/produit\/poster-45x60-cm-ranchonroll-2\/","url":"https:\/\/minhogalo.com\/fr\/produit\/poster-45x60-cm-ranchonroll-2\/","name":"Poster 45\u00d760 cm | Rancho\u2019n\u2019Roll - Minhogalo","isPartOf":{"@id":"https:\/\/minhogalo.com\/#website"},"primaryImageOfPage":{"@id":"https:\/\/minhogalo.com\/fr\/produit\/poster-45x60-cm-ranchonroll-2\/#primaryimage"},"image":{"@id":"https:\/\/minhogalo.com\/fr\/produit\/poster-45x60-cm-ranchonroll-2\/#primaryimage"},"thumbnailUrl":"https:\/\/minhogalo.com\/wp-content\/uploads\/2025\/01\/enhanced-matte-paper-poster-in-24x36-front-678d14a8c560b.jpg","datePublished":"2025-01-19T15:05:15+00:00","dateModified":"2025-03-12T20:39:55+00:00","description":"D\u00e9couvrez notre poster de haute qualit\u00e9, un incontournable pour tous les amoureux du Portugal et du Minho. Commandez d\u00e8s maintenant votre poster Rancho'n'Roll Minhogalo.","breadcrumb":{"@id":"https:\/\/minhogalo.com\/fr\/produit\/poster-45x60-cm-ranchonroll-2\/#breadcrumb"},"inLanguage":"fr-FR","potentialAction":[{"@type":"ReadAction","target":["https:\/\/minhogalo.com\/fr\/produit\/poster-45x60-cm-ranchonroll-2\/"]}]},{"@type":"ImageObject","inLanguage":"fr-FR","@id":"https:\/\/minhogalo.com\/fr\/produit\/poster-45x60-cm-ranchonroll-2\/#primaryimage","url":"https:\/\/minhogalo.com\/wp-content\/uploads\/2025\/01\/enhanced-matte-paper-poster-in-24x36-front-678d14a8c560b.jpg","contentUrl":"https:\/\/minhogalo.com\/wp-content\/uploads\/2025\/01\/enhanced-matte-paper-poster-in-24x36-front-678d14a8c560b.jpg","width":2000,"height":2000},{"@type":"BreadcrumbList","@id":"https:\/\/minhogalo.com\/fr\/produit\/poster-45x60-cm-ranchonroll-2\/#breadcrumb","itemListElement":[{"@type":"ListItem","position":1,"name":"Accueil","item":"https:\/\/minhogalo.com\/fr\/"},{"@type":"ListItem","position":2,"name":"Boutique","item":"https:\/\/minhogalo.com\/fr\/"},{"@type":"ListItem","position":3,"name":"Poster 45\u00d760 cm | Rancho\u2019n\u2019Roll"}]},{"@type":"WebSite","@id":"https:\/\/minhogalo.com\/#website","url":"https:\/\/minhogalo.com\/","name":"Minhogalo","description":"A marca do Norte","publisher":{"@id":"https:\/\/minhogalo.com\/#organization"},"potentialAction":[{"@type":"SearchAction","target":{"@type":"EntryPoint","urlTemplate":"https:\/\/minhogalo.com\/?s={search_term_string}"},"query-input":{"@type":"PropertyValueSpecification","valueRequired":true,"valueName":"search_term_string"}}],"inLanguage":"fr-FR"},{"@type":"Organization","@id":"https:\/\/minhogalo.com\/#organization","name":"Minhogalo","url":"https:\/\/minhogalo.com\/","logo":{"@type":"ImageObject","inLanguage":"fr-FR","@id":"https:\/\/minhogalo.com\/#\/schema\/logo\/image\/","url":"http:\/\/minhogalo.com\/wp-content\/uploads\/2023\/06\/cropped-favicon_minhogalo_t-shirt_do_minho_portugal.png","contentUrl":"http:\/\/minhogalo.com\/wp-content\/uploads\/2023\/06\/cropped-favicon_minhogalo_t-shirt_do_minho_portugal.png","width":512,"height":512,"caption":"Minhogalo"},"image":{"@id":"https:\/\/minhogalo.com\/#\/schema\/logo\/image\/"},"sameAs":["https:\/\/www.facebook.com\/minhogalo\/","https:\/\/www.instagram.com\/minhogalo\/","https:\/\/www.pinterest.fr\/Minhogalo\/","https:\/\/www.youtube.com\/@minhogalo6482"]}]}},"_links":{"self":[{"href":"https:\/\/minhogalo.com\/fr\/wp-json\/wp\/v2\/product\/9252","targetHints":{"allow":["GET"]}}],"collection":[{"href":"https:\/\/minhogalo.com\/fr\/wp-json\/wp\/v2\/product"}],"about":[{"href":"https:\/\/minhogalo.com\/fr\/wp-json\/wp\/v2\/types\/product"}],"replies":[{"embeddable":true,"href":"https:\/\/minhogalo.com\/fr\/wp-json\/wp\/v2\/comments?post=9252"}],"wp:featuredmedia":[{"embeddable":true,"href":"https:\/\/minhogalo.com\/fr\/wp-json\/wp\/v2\/media\/9251"}],"wp:attachment":[{"href":"https:\/\/minhogalo.com\/fr\/wp-json\/wp\/v2\/media?parent=9252"}],"wp:term":[{"taxonomy":"product_brand","embeddable":true,"href":"https:\/\/minhogalo.com\/fr\/wp-json\/wp\/v2\/product_brand?post=9252"},{"taxonomy":"product_cat","embeddable":true,"href":"https:\/\/minhogalo.com\/fr\/wp-json\/wp\/v2\/product_cat?post=9252"},{"taxonomy":"product_tag","embeddable":true,"href":"https:\/\/minhogalo.com\/fr\/wp-json\/wp\/v2\/product_tag?post=9252"}],"curies":[{"name":"wp","href":"https:\/\/api.w.org\/{rel}","templated":true}]}}