{"id":8756,"date":"2024-11-24T10:57:24","date_gmt":"2024-11-24T09:57:24","guid":{"rendered":"https:\/\/minhogalo.com\/produit\/mug-brillant-blanc-galo-busters-minhogalo\/"},"modified":"2025-03-30T18:54:34","modified_gmt":"2025-03-30T16:54:34","slug":"mug-brillant-blanc-galo-busters-minhogalo","status":"publish","type":"product","link":"https:\/\/minhogalo.com\/fr\/produit\/mug-brillant-blanc-galo-busters-minhogalo\/","title":{"rendered":"Mug brillant blanc | Galo Busters Minhogalo"},"content":{"rendered":"<p>Que ce soit pour boire votre caf\u00e9 du matin, votre th\u00e9 du soir ou n\u2019importe quelle boisson entre les deux, cette tasse est faite pour vous ! Elle est robuste et brillante avec une impression vive qui r\u00e9sistera au four \u00e0 micro-ondes et au lave-vaisselle.<\/p>\n<p>En c\u00e9ramique<br \/>\n\u2022 Dimensions de la tasse de 15 oz : 11,9 cm de hauteur, 8,5 cm de diam\u00e8tre<br \/>\n\u2022 Passe au lave-vaisselle et au micro-ondes<br \/>\n\u2022 Produit vierge provenant de Chine<br \/>\n[Notre aspiration ultime est de produire nos t-shirts enti\u00e8rement au Portugal, mais en tant que nouvelle entreprise, nous travaillons progressivement pour r\u00e9aliser cet objectif.]\n","protected":false},"excerpt":{"rendered":"<p>D\u00e9couvrez notre superbe mug en c\u00e9ramique de haute qualit\u00e9. Un incontournable pour les amoureux du Portugal et du Minho. Commandez d\u00e8s maintenant votre mug Galo Busters.<\/p>\n","protected":false},"featured_media":8750,"comment_status":"open","ping_status":"closed","template":"","meta":[],"product_brand":[],"product_cat":[725],"product_tag":[],"class_list":{"0":"post-8756","1":"product","2":"type-product","3":"status-publish","4":"has-post-thumbnail","6":"product_cat-mug-fr","8":"first","9":"instock","10":"taxable","11":"shipping-taxable","12":"purchasable","13":"product-type-simple","14":"prodpage-style3"},"yoast_head":"<!-- This site is optimized with the Yoast SEO plugin v27.4 - https:\/\/yoast.com\/product\/yoast-seo-wordpress\/ -->\n<title>Mug brillant blanc | Galo Busters Minhogalo - Minhogalo<\/title>\n<meta name=\"description\" content=\"D\u00e9couvrez notre superbe mug en c\u00e9ramique de haute qualit\u00e9. Un incontournable pour les amoureux du Portugal et du Minho. Commandez d\u00e8s maintenant votre mug Minhogalo.\" \/>\n<meta name=\"robots\" content=\"index, follow, max-snippet:-1, max-image-preview:large, max-video-preview:-1\" \/>\n<link rel=\"canonical\" href=\"https:\/\/minhogalo.com\/fr\/produit\/mug-brillant-blanc-galo-busters-minhogalo\/\" \/>\n<meta property=\"og:locale\" content=\"fr_FR\" \/>\n<meta property=\"og:type\" content=\"article\" \/>\n<meta property=\"og:title\" content=\"Mug brillant blanc | Galo Busters Minhogalo - Minhogalo\" \/>\n<meta property=\"og:description\" content=\"D\u00e9couvrez notre superbe mug en c\u00e9ramique de haute qualit\u00e9. Un incontournable pour les amoureux du Portugal et du Minho. Commandez d\u00e8s maintenant votre mug Minhogalo.\" \/>\n<meta property=\"og:url\" content=\"https:\/\/minhogalo.com\/fr\/produit\/mug-brillant-blanc-galo-busters-minhogalo\/\" \/>\n<meta property=\"og:site_name\" content=\"Minhogalo\" \/>\n<meta property=\"article:publisher\" content=\"https:\/\/www.facebook.com\/minhogalo\/\" \/>\n<meta property=\"article:modified_time\" content=\"2025-03-30T16:54:34+00:00\" \/>\n<meta property=\"og:image\" content=\"https:\/\/minhogalo.com\/wp-content\/uploads\/2024\/11\/white-glossy-mug-white-15-oz-front-view-6742f87f3a25a.jpg\" \/>\n\t<meta property=\"og:image:width\" content=\"2000\" \/>\n\t<meta property=\"og:image:height\" content=\"2000\" \/>\n\t<meta property=\"og:image:type\" content=\"image\/jpeg\" \/>\n<meta name=\"twitter:card\" content=\"summary_large_image\" \/>\n<script type=\"application\/ld+json\" class=\"yoast-schema-graph\">{\"@context\":\"https:\\\/\\\/schema.org\",\"@graph\":[{\"@type\":\"WebPage\",\"@id\":\"https:\\\/\\\/minhogalo.com\\\/fr\\\/produit\\\/mug-brillant-blanc-galo-busters-minhogalo\\\/\",\"url\":\"https:\\\/\\\/minhogalo.com\\\/fr\\\/produit\\\/mug-brillant-blanc-galo-busters-minhogalo\\\/\",\"name\":\"Mug brillant blanc | Galo Busters Minhogalo - Minhogalo\",\"isPartOf\":{\"@id\":\"https:\\\/\\\/minhogalo.com\\\/#website\"},\"primaryImageOfPage\":{\"@id\":\"https:\\\/\\\/minhogalo.com\\\/fr\\\/produit\\\/mug-brillant-blanc-galo-busters-minhogalo\\\/#primaryimage\"},\"image\":{\"@id\":\"https:\\\/\\\/minhogalo.com\\\/fr\\\/produit\\\/mug-brillant-blanc-galo-busters-minhogalo\\\/#primaryimage\"},\"thumbnailUrl\":\"https:\\\/\\\/minhogalo.com\\\/wp-content\\\/uploads\\\/2024\\\/11\\\/white-glossy-mug-white-15-oz-front-view-6742f87f3a25a.jpg\",\"datePublished\":\"2024-11-24T09:57:24+00:00\",\"dateModified\":\"2025-03-30T16:54:34+00:00\",\"description\":\"D\u00e9couvrez notre superbe mug en c\u00e9ramique de haute qualit\u00e9. Un incontournable pour les amoureux du Portugal et du Minho. Commandez d\u00e8s maintenant votre mug Minhogalo.\",\"breadcrumb\":{\"@id\":\"https:\\\/\\\/minhogalo.com\\\/fr\\\/produit\\\/mug-brillant-blanc-galo-busters-minhogalo\\\/#breadcrumb\"},\"inLanguage\":\"fr-FR\",\"potentialAction\":[{\"@type\":\"ReadAction\",\"target\":[\"https:\\\/\\\/minhogalo.com\\\/fr\\\/produit\\\/mug-brillant-blanc-galo-busters-minhogalo\\\/\"]}]},{\"@type\":\"ImageObject\",\"inLanguage\":\"fr-FR\",\"@id\":\"https:\\\/\\\/minhogalo.com\\\/fr\\\/produit\\\/mug-brillant-blanc-galo-busters-minhogalo\\\/#primaryimage\",\"url\":\"https:\\\/\\\/minhogalo.com\\\/wp-content\\\/uploads\\\/2024\\\/11\\\/white-glossy-mug-white-15-oz-front-view-6742f87f3a25a.jpg\",\"contentUrl\":\"https:\\\/\\\/minhogalo.com\\\/wp-content\\\/uploads\\\/2024\\\/11\\\/white-glossy-mug-white-15-oz-front-view-6742f87f3a25a.jpg\",\"width\":2000,\"height\":2000},{\"@type\":\"BreadcrumbList\",\"@id\":\"https:\\\/\\\/minhogalo.com\\\/fr\\\/produit\\\/mug-brillant-blanc-galo-busters-minhogalo\\\/#breadcrumb\",\"itemListElement\":[{\"@type\":\"ListItem\",\"position\":1,\"name\":\"Accueil\",\"item\":\"https:\\\/\\\/minhogalo.com\\\/fr\\\/\"},{\"@type\":\"ListItem\",\"position\":2,\"name\":\"Boutique\",\"item\":\"https:\\\/\\\/minhogalo.com\\\/fr\\\/\"},{\"@type\":\"ListItem\",\"position\":3,\"name\":\"Mug brillant blanc | Galo Busters Minhogalo\"}]},{\"@type\":\"WebSite\",\"@id\":\"https:\\\/\\\/minhogalo.com\\\/#website\",\"url\":\"https:\\\/\\\/minhogalo.com\\\/\",\"name\":\"Minhogalo\",\"description\":\"A marca do Norte\",\"publisher\":{\"@id\":\"https:\\\/\\\/minhogalo.com\\\/#organization\"},\"potentialAction\":[{\"@type\":\"SearchAction\",\"target\":{\"@type\":\"EntryPoint\",\"urlTemplate\":\"https:\\\/\\\/minhogalo.com\\\/?s={search_term_string}\"},\"query-input\":{\"@type\":\"PropertyValueSpecification\",\"valueRequired\":true,\"valueName\":\"search_term_string\"}}],\"inLanguage\":\"fr-FR\"},{\"@type\":\"Organization\",\"@id\":\"https:\\\/\\\/minhogalo.com\\\/#organization\",\"name\":\"Minhogalo\",\"url\":\"https:\\\/\\\/minhogalo.com\\\/\",\"logo\":{\"@type\":\"ImageObject\",\"inLanguage\":\"fr-FR\",\"@id\":\"https:\\\/\\\/minhogalo.com\\\/#\\\/schema\\\/logo\\\/image\\\/\",\"url\":\"http:\\\/\\\/minhogalo.com\\\/wp-content\\\/uploads\\\/2023\\\/06\\\/cropped-favicon_minhogalo_t-shirt_do_minho_portugal.png\",\"contentUrl\":\"http:\\\/\\\/minhogalo.com\\\/wp-content\\\/uploads\\\/2023\\\/06\\\/cropped-favicon_minhogalo_t-shirt_do_minho_portugal.png\",\"width\":512,\"height\":512,\"caption\":\"Minhogalo\"},\"image\":{\"@id\":\"https:\\\/\\\/minhogalo.com\\\/#\\\/schema\\\/logo\\\/image\\\/\"},\"sameAs\":[\"https:\\\/\\\/www.facebook.com\\\/minhogalo\\\/\",\"https:\\\/\\\/www.instagram.com\\\/minhogalo\\\/\",\"https:\\\/\\\/www.pinterest.fr\\\/Minhogalo\\\/\",\"https:\\\/\\\/www.youtube.com\\\/@minhogalo6482\"]}]}<\/script>\n<!-- \/ Yoast SEO plugin. -->","yoast_head_json":{"title":"Mug brillant blanc | Galo Busters Minhogalo - Minhogalo","description":"D\u00e9couvrez notre superbe mug en c\u00e9ramique de haute qualit\u00e9. Un incontournable pour les amoureux du Portugal et du Minho. Commandez d\u00e8s maintenant votre mug Minhogalo.","robots":{"index":"index","follow":"follow","max-snippet":"max-snippet:-1","max-image-preview":"max-image-preview:large","max-video-preview":"max-video-preview:-1"},"canonical":"https:\/\/minhogalo.com\/fr\/produit\/mug-brillant-blanc-galo-busters-minhogalo\/","og_locale":"fr_FR","og_type":"article","og_title":"Mug brillant blanc | Galo Busters Minhogalo - Minhogalo","og_description":"D\u00e9couvrez notre superbe mug en c\u00e9ramique de haute qualit\u00e9. Un incontournable pour les amoureux du Portugal et du Minho. Commandez d\u00e8s maintenant votre mug Minhogalo.","og_url":"https:\/\/minhogalo.com\/fr\/produit\/mug-brillant-blanc-galo-busters-minhogalo\/","og_site_name":"Minhogalo","article_publisher":"https:\/\/www.facebook.com\/minhogalo\/","article_modified_time":"2025-03-30T16:54:34+00:00","og_image":[{"width":2000,"height":2000,"url":"https:\/\/minhogalo.com\/wp-content\/uploads\/2024\/11\/white-glossy-mug-white-15-oz-front-view-6742f87f3a25a.jpg","type":"image\/jpeg"}],"twitter_card":"summary_large_image","schema":{"@context":"https:\/\/schema.org","@graph":[{"@type":"WebPage","@id":"https:\/\/minhogalo.com\/fr\/produit\/mug-brillant-blanc-galo-busters-minhogalo\/","url":"https:\/\/minhogalo.com\/fr\/produit\/mug-brillant-blanc-galo-busters-minhogalo\/","name":"Mug brillant blanc | Galo Busters Minhogalo - Minhogalo","isPartOf":{"@id":"https:\/\/minhogalo.com\/#website"},"primaryImageOfPage":{"@id":"https:\/\/minhogalo.com\/fr\/produit\/mug-brillant-blanc-galo-busters-minhogalo\/#primaryimage"},"image":{"@id":"https:\/\/minhogalo.com\/fr\/produit\/mug-brillant-blanc-galo-busters-minhogalo\/#primaryimage"},"thumbnailUrl":"https:\/\/minhogalo.com\/wp-content\/uploads\/2024\/11\/white-glossy-mug-white-15-oz-front-view-6742f87f3a25a.jpg","datePublished":"2024-11-24T09:57:24+00:00","dateModified":"2025-03-30T16:54:34+00:00","description":"D\u00e9couvrez notre superbe mug en c\u00e9ramique de haute qualit\u00e9. Un incontournable pour les amoureux du Portugal et du Minho. Commandez d\u00e8s maintenant votre mug Minhogalo.","breadcrumb":{"@id":"https:\/\/minhogalo.com\/fr\/produit\/mug-brillant-blanc-galo-busters-minhogalo\/#breadcrumb"},"inLanguage":"fr-FR","potentialAction":[{"@type":"ReadAction","target":["https:\/\/minhogalo.com\/fr\/produit\/mug-brillant-blanc-galo-busters-minhogalo\/"]}]},{"@type":"ImageObject","inLanguage":"fr-FR","@id":"https:\/\/minhogalo.com\/fr\/produit\/mug-brillant-blanc-galo-busters-minhogalo\/#primaryimage","url":"https:\/\/minhogalo.com\/wp-content\/uploads\/2024\/11\/white-glossy-mug-white-15-oz-front-view-6742f87f3a25a.jpg","contentUrl":"https:\/\/minhogalo.com\/wp-content\/uploads\/2024\/11\/white-glossy-mug-white-15-oz-front-view-6742f87f3a25a.jpg","width":2000,"height":2000},{"@type":"BreadcrumbList","@id":"https:\/\/minhogalo.com\/fr\/produit\/mug-brillant-blanc-galo-busters-minhogalo\/#breadcrumb","itemListElement":[{"@type":"ListItem","position":1,"name":"Accueil","item":"https:\/\/minhogalo.com\/fr\/"},{"@type":"ListItem","position":2,"name":"Boutique","item":"https:\/\/minhogalo.com\/fr\/"},{"@type":"ListItem","position":3,"name":"Mug brillant blanc | Galo Busters Minhogalo"}]},{"@type":"WebSite","@id":"https:\/\/minhogalo.com\/#website","url":"https:\/\/minhogalo.com\/","name":"Minhogalo","description":"A marca do Norte","publisher":{"@id":"https:\/\/minhogalo.com\/#organization"},"potentialAction":[{"@type":"SearchAction","target":{"@type":"EntryPoint","urlTemplate":"https:\/\/minhogalo.com\/?s={search_term_string}"},"query-input":{"@type":"PropertyValueSpecification","valueRequired":true,"valueName":"search_term_string"}}],"inLanguage":"fr-FR"},{"@type":"Organization","@id":"https:\/\/minhogalo.com\/#organization","name":"Minhogalo","url":"https:\/\/minhogalo.com\/","logo":{"@type":"ImageObject","inLanguage":"fr-FR","@id":"https:\/\/minhogalo.com\/#\/schema\/logo\/image\/","url":"http:\/\/minhogalo.com\/wp-content\/uploads\/2023\/06\/cropped-favicon_minhogalo_t-shirt_do_minho_portugal.png","contentUrl":"http:\/\/minhogalo.com\/wp-content\/uploads\/2023\/06\/cropped-favicon_minhogalo_t-shirt_do_minho_portugal.png","width":512,"height":512,"caption":"Minhogalo"},"image":{"@id":"https:\/\/minhogalo.com\/#\/schema\/logo\/image\/"},"sameAs":["https:\/\/www.facebook.com\/minhogalo\/","https:\/\/www.instagram.com\/minhogalo\/","https:\/\/www.pinterest.fr\/Minhogalo\/","https:\/\/www.youtube.com\/@minhogalo6482"]}]}},"_links":{"self":[{"href":"https:\/\/minhogalo.com\/fr\/wp-json\/wp\/v2\/product\/8756","targetHints":{"allow":["GET"]}}],"collection":[{"href":"https:\/\/minhogalo.com\/fr\/wp-json\/wp\/v2\/product"}],"about":[{"href":"https:\/\/minhogalo.com\/fr\/wp-json\/wp\/v2\/types\/product"}],"replies":[{"embeddable":true,"href":"https:\/\/minhogalo.com\/fr\/wp-json\/wp\/v2\/comments?post=8756"}],"wp:featuredmedia":[{"embeddable":true,"href":"https:\/\/minhogalo.com\/fr\/wp-json\/wp\/v2\/media\/8750"}],"wp:attachment":[{"href":"https:\/\/minhogalo.com\/fr\/wp-json\/wp\/v2\/media?parent=8756"}],"wp:term":[{"taxonomy":"product_brand","embeddable":true,"href":"https:\/\/minhogalo.com\/fr\/wp-json\/wp\/v2\/product_brand?post=8756"},{"taxonomy":"product_cat","embeddable":true,"href":"https:\/\/minhogalo.com\/fr\/wp-json\/wp\/v2\/product_cat?post=8756"},{"taxonomy":"product_tag","embeddable":true,"href":"https:\/\/minhogalo.com\/fr\/wp-json\/wp\/v2\/product_tag?post=8756"}],"curies":[{"name":"wp","href":"https:\/\/api.w.org\/{rel}","templated":true}]}}