{"id":7950,"date":"2023-12-04T14:44:02","date_gmt":"2023-12-04T13:44:02","guid":{"rendered":"http:\/\/minhogalo.com\/produit\/tote-bag-ecologique-map-minho\/"},"modified":"2025-03-12T21:26:50","modified_gmt":"2025-03-12T20:26:50","slug":"tote-bag-ecologique-map-minho","status":"publish","type":"product","link":"https:\/\/minhogalo.com\/fr\/produit\/tote-bag-ecologique-map-minho\/","title":{"rendered":"Tote bag \u00e9cologique | Map Minho"},"content":{"rendered":"<p>D\u00e9couvrez notre superbe tote bag en serg\u00e9 de coton biologique, un must-have pour les amoureux du Portugal et du Minho ! Exprimez votre amour pour cette magnifique r\u00e9gion avec style gr\u00e2ce \u00e0 ce sac \u00e9co-friendly. Sa couleur unie le rend tr\u00e8s polyvalent, id\u00e9al pour les courses, les livres et bien plus encore.<\/p>\n<p>100 % coton biologique certifi\u00e9 serg\u00e9 3\/1<br \/>\n272 g\/m\u00b2 (8 oz\/yd\u00b2)<br \/>\nDimensions : (40.6 cm \u00d7 35.6 cm \u00d7 12.7 cm (16 \u201d x 14 \u00bd \u201d x 5 \u201c)<br \/>\nLimite de poids : 13,6 kg (30 livres)<br \/>\nSangles doubles de 2,5 cm (1 \u201c) de large, de 62,2 cm (24,5 \u201c) de long<br \/>\nCompartiment principal ouvert<br \/>\nImpression recto-verso disponible pour un co\u00fbt suppl\u00e9mentaire de 5,25 \u20ac (5,95 $).<br \/>\nLe tissu de ce produit est certifi\u00e9 par OCS (Organic Content Standard) et GOTS (Global Organic Textile Standard).<br \/>\nLe tissu de ce produit est certifi\u00e9 OEKO-TEX Standard 100 et approuv\u00e9 vegan par la PETA.<br \/>\nProduit vierge en provenance de Vietnam.<br \/>\n[Notre aspiration ultime est de produire nos t-shirts enti\u00e8rement au Portugal, mais en tant que nouvelle entreprise, nous travaillons progressivement pour r\u00e9aliser cet objectif.] Nos produits en coton biologique sont cultiv\u00e9s \u00e0 l\u2019aide de compost biologique qui utilise la lutte biologique contre les parasites. Aucune substance synth\u00e9tique ou modification g\u00e9n\u00e9tique n\u2019a \u00e9t\u00e9 utilis\u00e9e lors de la production de ce produit vierge. Aucune substance synth\u00e9tique ou modification g\u00e9n\u00e9tique n\u2019a \u00e9t\u00e9 utilis\u00e9e lors de la production de ce produit vierge.<\/p>\n","protected":false},"excerpt":{"rendered":"<p>D\u00e9marquez-vous avec style tout en montrant votre amour pour le Portugal et le Minho gr\u00e2ce \u00e0 ce magnifique tote bag en coton biologique. Commandez votre tote bag Map Minho.<\/p>\n","protected":false},"featured_media":7949,"comment_status":"open","ping_status":"closed","template":"","meta":[],"product_brand":[],"product_cat":[734],"product_tag":[],"class_list":{"0":"post-7950","1":"product","2":"type-product","3":"status-publish","4":"has-post-thumbnail","6":"product_cat-tote-bag-ecologique-fr","8":"first","9":"instock","10":"taxable","11":"shipping-taxable","12":"purchasable","13":"product-type-simple","14":"prodpage-style3"},"yoast_head":"<!-- This site is optimized with the Yoast SEO plugin v27.4 - https:\/\/yoast.com\/product\/yoast-seo-wordpress\/ -->\n<title>Tote bag \u00e9cologique | Map Minho - Minhogalo<\/title>\n<meta name=\"description\" content=\"D\u00e9marquez-vous avec style tout en montrant votre amour pour le Portugal et le Minho gr\u00e2ce \u00e0 ce magnifique tote bag en coton biologique. Commandez votre tote bag Minhogalo\" \/>\n<meta name=\"robots\" content=\"index, follow, max-snippet:-1, max-image-preview:large, max-video-preview:-1\" \/>\n<link rel=\"canonical\" href=\"https:\/\/minhogalo.com\/fr\/produit\/tote-bag-ecologique-map-minho\/\" \/>\n<meta property=\"og:locale\" content=\"fr_FR\" \/>\n<meta property=\"og:type\" content=\"article\" \/>\n<meta property=\"og:title\" content=\"Tote bag \u00e9cologique | Map Minho - Minhogalo\" \/>\n<meta property=\"og:description\" content=\"D\u00e9marquez-vous avec style tout en montrant votre amour pour le Portugal et le Minho gr\u00e2ce \u00e0 ce magnifique tote bag en coton biologique. Commandez votre tote bag Minhogalo\" \/>\n<meta property=\"og:url\" content=\"https:\/\/minhogalo.com\/fr\/produit\/tote-bag-ecologique-map-minho\/\" \/>\n<meta property=\"og:site_name\" content=\"Minhogalo\" \/>\n<meta property=\"article:publisher\" content=\"https:\/\/www.facebook.com\/minhogalo\/\" \/>\n<meta property=\"article:modified_time\" content=\"2025-03-12T20:26:50+00:00\" \/>\n<meta property=\"og:image\" content=\"https:\/\/minhogalo.com\/wp-content\/uploads\/2023\/12\/eco-tote-bag-oyster-front-656dd79d20cb9.jpg\" \/>\n\t<meta property=\"og:image:width\" content=\"2000\" \/>\n\t<meta property=\"og:image:height\" content=\"2000\" \/>\n\t<meta property=\"og:image:type\" content=\"image\/jpeg\" \/>\n<meta name=\"twitter:card\" content=\"summary_large_image\" \/>\n<meta name=\"twitter:label1\" content=\"Dur\u00e9e de lecture estim\u00e9e\" \/>\n\t<meta name=\"twitter:data1\" content=\"1 minute\" \/>\n<script type=\"application\/ld+json\" class=\"yoast-schema-graph\">{\"@context\":\"https:\\\/\\\/schema.org\",\"@graph\":[{\"@type\":\"WebPage\",\"@id\":\"https:\\\/\\\/minhogalo.com\\\/fr\\\/produit\\\/tote-bag-ecologique-map-minho\\\/\",\"url\":\"https:\\\/\\\/minhogalo.com\\\/fr\\\/produit\\\/tote-bag-ecologique-map-minho\\\/\",\"name\":\"Tote bag \u00e9cologique | Map Minho - Minhogalo\",\"isPartOf\":{\"@id\":\"https:\\\/\\\/minhogalo.com\\\/#website\"},\"primaryImageOfPage\":{\"@id\":\"https:\\\/\\\/minhogalo.com\\\/fr\\\/produit\\\/tote-bag-ecologique-map-minho\\\/#primaryimage\"},\"image\":{\"@id\":\"https:\\\/\\\/minhogalo.com\\\/fr\\\/produit\\\/tote-bag-ecologique-map-minho\\\/#primaryimage\"},\"thumbnailUrl\":\"https:\\\/\\\/minhogalo.com\\\/wp-content\\\/uploads\\\/2023\\\/12\\\/eco-tote-bag-oyster-front-656dd79d20cb9.jpg\",\"datePublished\":\"2023-12-04T13:44:02+00:00\",\"dateModified\":\"2025-03-12T20:26:50+00:00\",\"description\":\"D\u00e9marquez-vous avec style tout en montrant votre amour pour le Portugal et le Minho gr\u00e2ce \u00e0 ce magnifique tote bag en coton biologique. Commandez votre tote bag Minhogalo\",\"breadcrumb\":{\"@id\":\"https:\\\/\\\/minhogalo.com\\\/fr\\\/produit\\\/tote-bag-ecologique-map-minho\\\/#breadcrumb\"},\"inLanguage\":\"fr-FR\",\"potentialAction\":[{\"@type\":\"ReadAction\",\"target\":[\"https:\\\/\\\/minhogalo.com\\\/fr\\\/produit\\\/tote-bag-ecologique-map-minho\\\/\"]}]},{\"@type\":\"ImageObject\",\"inLanguage\":\"fr-FR\",\"@id\":\"https:\\\/\\\/minhogalo.com\\\/fr\\\/produit\\\/tote-bag-ecologique-map-minho\\\/#primaryimage\",\"url\":\"https:\\\/\\\/minhogalo.com\\\/wp-content\\\/uploads\\\/2023\\\/12\\\/eco-tote-bag-oyster-front-656dd79d20cb9.jpg\",\"contentUrl\":\"https:\\\/\\\/minhogalo.com\\\/wp-content\\\/uploads\\\/2023\\\/12\\\/eco-tote-bag-oyster-front-656dd79d20cb9.jpg\",\"width\":2000,\"height\":2000},{\"@type\":\"BreadcrumbList\",\"@id\":\"https:\\\/\\\/minhogalo.com\\\/fr\\\/produit\\\/tote-bag-ecologique-map-minho\\\/#breadcrumb\",\"itemListElement\":[{\"@type\":\"ListItem\",\"position\":1,\"name\":\"Accueil\",\"item\":\"https:\\\/\\\/minhogalo.com\\\/fr\\\/\"},{\"@type\":\"ListItem\",\"position\":2,\"name\":\"Boutique\",\"item\":\"https:\\\/\\\/minhogalo.com\\\/fr\\\/\"},{\"@type\":\"ListItem\",\"position\":3,\"name\":\"Tote bag \u00e9cologique | Map Minho\"}]},{\"@type\":\"WebSite\",\"@id\":\"https:\\\/\\\/minhogalo.com\\\/#website\",\"url\":\"https:\\\/\\\/minhogalo.com\\\/\",\"name\":\"Minhogalo\",\"description\":\"A marca do Norte\",\"publisher\":{\"@id\":\"https:\\\/\\\/minhogalo.com\\\/#organization\"},\"potentialAction\":[{\"@type\":\"SearchAction\",\"target\":{\"@type\":\"EntryPoint\",\"urlTemplate\":\"https:\\\/\\\/minhogalo.com\\\/?s={search_term_string}\"},\"query-input\":{\"@type\":\"PropertyValueSpecification\",\"valueRequired\":true,\"valueName\":\"search_term_string\"}}],\"inLanguage\":\"fr-FR\"},{\"@type\":\"Organization\",\"@id\":\"https:\\\/\\\/minhogalo.com\\\/#organization\",\"name\":\"Minhogalo\",\"url\":\"https:\\\/\\\/minhogalo.com\\\/\",\"logo\":{\"@type\":\"ImageObject\",\"inLanguage\":\"fr-FR\",\"@id\":\"https:\\\/\\\/minhogalo.com\\\/#\\\/schema\\\/logo\\\/image\\\/\",\"url\":\"http:\\\/\\\/minhogalo.com\\\/wp-content\\\/uploads\\\/2023\\\/06\\\/cropped-favicon_minhogalo_t-shirt_do_minho_portugal.png\",\"contentUrl\":\"http:\\\/\\\/minhogalo.com\\\/wp-content\\\/uploads\\\/2023\\\/06\\\/cropped-favicon_minhogalo_t-shirt_do_minho_portugal.png\",\"width\":512,\"height\":512,\"caption\":\"Minhogalo\"},\"image\":{\"@id\":\"https:\\\/\\\/minhogalo.com\\\/#\\\/schema\\\/logo\\\/image\\\/\"},\"sameAs\":[\"https:\\\/\\\/www.facebook.com\\\/minhogalo\\\/\",\"https:\\\/\\\/www.instagram.com\\\/minhogalo\\\/\",\"https:\\\/\\\/www.pinterest.fr\\\/Minhogalo\\\/\",\"https:\\\/\\\/www.youtube.com\\\/@minhogalo6482\"]}]}<\/script>\n<!-- \/ Yoast SEO plugin. -->","yoast_head_json":{"title":"Tote bag \u00e9cologique | Map Minho - Minhogalo","description":"D\u00e9marquez-vous avec style tout en montrant votre amour pour le Portugal et le Minho gr\u00e2ce \u00e0 ce magnifique tote bag en coton biologique. Commandez votre tote bag Minhogalo","robots":{"index":"index","follow":"follow","max-snippet":"max-snippet:-1","max-image-preview":"max-image-preview:large","max-video-preview":"max-video-preview:-1"},"canonical":"https:\/\/minhogalo.com\/fr\/produit\/tote-bag-ecologique-map-minho\/","og_locale":"fr_FR","og_type":"article","og_title":"Tote bag \u00e9cologique | Map Minho - Minhogalo","og_description":"D\u00e9marquez-vous avec style tout en montrant votre amour pour le Portugal et le Minho gr\u00e2ce \u00e0 ce magnifique tote bag en coton biologique. Commandez votre tote bag Minhogalo","og_url":"https:\/\/minhogalo.com\/fr\/produit\/tote-bag-ecologique-map-minho\/","og_site_name":"Minhogalo","article_publisher":"https:\/\/www.facebook.com\/minhogalo\/","article_modified_time":"2025-03-12T20:26:50+00:00","og_image":[{"width":2000,"height":2000,"url":"https:\/\/minhogalo.com\/wp-content\/uploads\/2023\/12\/eco-tote-bag-oyster-front-656dd79d20cb9.jpg","type":"image\/jpeg"}],"twitter_card":"summary_large_image","twitter_misc":{"Dur\u00e9e de lecture estim\u00e9e":"1 minute"},"schema":{"@context":"https:\/\/schema.org","@graph":[{"@type":"WebPage","@id":"https:\/\/minhogalo.com\/fr\/produit\/tote-bag-ecologique-map-minho\/","url":"https:\/\/minhogalo.com\/fr\/produit\/tote-bag-ecologique-map-minho\/","name":"Tote bag \u00e9cologique | Map Minho - Minhogalo","isPartOf":{"@id":"https:\/\/minhogalo.com\/#website"},"primaryImageOfPage":{"@id":"https:\/\/minhogalo.com\/fr\/produit\/tote-bag-ecologique-map-minho\/#primaryimage"},"image":{"@id":"https:\/\/minhogalo.com\/fr\/produit\/tote-bag-ecologique-map-minho\/#primaryimage"},"thumbnailUrl":"https:\/\/minhogalo.com\/wp-content\/uploads\/2023\/12\/eco-tote-bag-oyster-front-656dd79d20cb9.jpg","datePublished":"2023-12-04T13:44:02+00:00","dateModified":"2025-03-12T20:26:50+00:00","description":"D\u00e9marquez-vous avec style tout en montrant votre amour pour le Portugal et le Minho gr\u00e2ce \u00e0 ce magnifique tote bag en coton biologique. Commandez votre tote bag Minhogalo","breadcrumb":{"@id":"https:\/\/minhogalo.com\/fr\/produit\/tote-bag-ecologique-map-minho\/#breadcrumb"},"inLanguage":"fr-FR","potentialAction":[{"@type":"ReadAction","target":["https:\/\/minhogalo.com\/fr\/produit\/tote-bag-ecologique-map-minho\/"]}]},{"@type":"ImageObject","inLanguage":"fr-FR","@id":"https:\/\/minhogalo.com\/fr\/produit\/tote-bag-ecologique-map-minho\/#primaryimage","url":"https:\/\/minhogalo.com\/wp-content\/uploads\/2023\/12\/eco-tote-bag-oyster-front-656dd79d20cb9.jpg","contentUrl":"https:\/\/minhogalo.com\/wp-content\/uploads\/2023\/12\/eco-tote-bag-oyster-front-656dd79d20cb9.jpg","width":2000,"height":2000},{"@type":"BreadcrumbList","@id":"https:\/\/minhogalo.com\/fr\/produit\/tote-bag-ecologique-map-minho\/#breadcrumb","itemListElement":[{"@type":"ListItem","position":1,"name":"Accueil","item":"https:\/\/minhogalo.com\/fr\/"},{"@type":"ListItem","position":2,"name":"Boutique","item":"https:\/\/minhogalo.com\/fr\/"},{"@type":"ListItem","position":3,"name":"Tote bag \u00e9cologique | Map Minho"}]},{"@type":"WebSite","@id":"https:\/\/minhogalo.com\/#website","url":"https:\/\/minhogalo.com\/","name":"Minhogalo","description":"A marca do Norte","publisher":{"@id":"https:\/\/minhogalo.com\/#organization"},"potentialAction":[{"@type":"SearchAction","target":{"@type":"EntryPoint","urlTemplate":"https:\/\/minhogalo.com\/?s={search_term_string}"},"query-input":{"@type":"PropertyValueSpecification","valueRequired":true,"valueName":"search_term_string"}}],"inLanguage":"fr-FR"},{"@type":"Organization","@id":"https:\/\/minhogalo.com\/#organization","name":"Minhogalo","url":"https:\/\/minhogalo.com\/","logo":{"@type":"ImageObject","inLanguage":"fr-FR","@id":"https:\/\/minhogalo.com\/#\/schema\/logo\/image\/","url":"http:\/\/minhogalo.com\/wp-content\/uploads\/2023\/06\/cropped-favicon_minhogalo_t-shirt_do_minho_portugal.png","contentUrl":"http:\/\/minhogalo.com\/wp-content\/uploads\/2023\/06\/cropped-favicon_minhogalo_t-shirt_do_minho_portugal.png","width":512,"height":512,"caption":"Minhogalo"},"image":{"@id":"https:\/\/minhogalo.com\/#\/schema\/logo\/image\/"},"sameAs":["https:\/\/www.facebook.com\/minhogalo\/","https:\/\/www.instagram.com\/minhogalo\/","https:\/\/www.pinterest.fr\/Minhogalo\/","https:\/\/www.youtube.com\/@minhogalo6482"]}]}},"_links":{"self":[{"href":"https:\/\/minhogalo.com\/fr\/wp-json\/wp\/v2\/product\/7950","targetHints":{"allow":["GET"]}}],"collection":[{"href":"https:\/\/minhogalo.com\/fr\/wp-json\/wp\/v2\/product"}],"about":[{"href":"https:\/\/minhogalo.com\/fr\/wp-json\/wp\/v2\/types\/product"}],"replies":[{"embeddable":true,"href":"https:\/\/minhogalo.com\/fr\/wp-json\/wp\/v2\/comments?post=7950"}],"wp:featuredmedia":[{"embeddable":true,"href":"https:\/\/minhogalo.com\/fr\/wp-json\/wp\/v2\/media\/7949"}],"wp:attachment":[{"href":"https:\/\/minhogalo.com\/fr\/wp-json\/wp\/v2\/media?parent=7950"}],"wp:term":[{"taxonomy":"product_brand","embeddable":true,"href":"https:\/\/minhogalo.com\/fr\/wp-json\/wp\/v2\/product_brand?post=7950"},{"taxonomy":"product_cat","embeddable":true,"href":"https:\/\/minhogalo.com\/fr\/wp-json\/wp\/v2\/product_cat?post=7950"},{"taxonomy":"product_tag","embeddable":true,"href":"https:\/\/minhogalo.com\/fr\/wp-json\/wp\/v2\/product_tag?post=7950"}],"curies":[{"name":"wp","href":"https:\/\/api.w.org\/{rel}","templated":true}]}}