{"id":7810,"date":"2023-12-03T13:32:21","date_gmt":"2023-12-03T12:32:21","guid":{"rendered":"http:\/\/minhogalo.com\/produit\/t-shirt-en-coton-bio-unisexe-galo-busters-4\/"},"modified":"2025-03-22T10:50:03","modified_gmt":"2025-03-22T09:50:03","slug":"t-shirt-en-coton-bio-unisexe-galo-busters-4","status":"publish","type":"product","link":"https:\/\/minhogalo.com\/fr\/produit\/t-shirt-en-coton-bio-unisexe-galo-busters-4\/","title":{"rendered":"T-shirt en coton bio unisexe | Galo Busters"},"content":{"rendered":"<p>Fabriqu\u00e9 \u00e0 partir de coton bio \u00e0 100 %, ce t-shirt unisexe Portugal Minho est un v\u00e9ritable incontournable. Il est de haute qualit\u00e9, ultra-confortable et surtout, respectueux de l\u2019environnement.<\/p>\n<p>\u2022 100 % coton bio peign\u00e9 ring-spun<br \/>\n\u2022 Poids du tissu : 180 g\/m\u00b2<br \/>\n\u2022 Jersey simple<br \/>\n\u2022 Coupe medium<br \/>\n\u2022 Manches mont\u00e9es<br \/>\n\u2022 Bord c\u00f4te 1 \u00d7 1 au col<br \/>\n\u2022 Couture double large sur les manches et le bas<br \/>\n\u2022 Ruban de renfort en tissu \u00e0 l\u2019int\u00e9rieur du col, \u00e0 l\u2019arri\u00e8re<br \/>\n\u2022 Produit vierge provenant de Chine ou du Bangladesh<br \/>\n[Notre aspiration ultime est de produire nos t-shirts enti\u00e8rement au Portugal, mais en tant que nouvelle entreprise, nous travaillons progressivement pour r\u00e9aliser cet objectif.]\n<p>Les tailles correspondent \u00e0 une taille plus petite sur le march\u00e9 am\u00e9ricain, donc les clients am\u00e9ricains devraient commander une taille au-dessus.<\/p>\n","protected":false},"excerpt":{"rendered":"<p>D\u00e9couvrez notre t-shirt en coton biologique \u00e0 100 %, un incontournable pour tous les amoureux du Portugal et du Minho. Commandez votre t-shirt Galo Busters.<\/p>\n","protected":false},"featured_media":7809,"comment_status":"open","ping_status":"closed","template":"","meta":[],"product_brand":[],"product_cat":[],"product_tag":[],"class_list":{"0":"post-7810","1":"product","2":"type-product","3":"status-publish","4":"has-post-thumbnail","7":"first","8":"instock","9":"taxable","10":"shipping-taxable","11":"purchasable","12":"product-type-variable","13":"prodpage-style3"},"yoast_head":"<!-- This site is optimized with the Yoast SEO plugin v27.4 - https:\/\/yoast.com\/product\/yoast-seo-wordpress\/ -->\n<title>T-shirt en coton bio unisexe | Galo Busters - Minhogalo<\/title>\n<meta name=\"description\" content=\"D\u00e9couvrez notre t-shirt en coton biologique \u00e0 100 %, un incontournable pour tous les amoureux du Portugal et du Minho. Commandez votre t-shirt Minhogalo\" \/>\n<meta name=\"robots\" content=\"index, follow, max-snippet:-1, max-image-preview:large, max-video-preview:-1\" \/>\n<link rel=\"canonical\" href=\"https:\/\/minhogalo.com\/fr\/produit\/t-shirt-en-coton-bio-unisexe-galo-busters-4\/\" \/>\n<meta property=\"og:locale\" content=\"fr_FR\" \/>\n<meta property=\"og:type\" content=\"article\" \/>\n<meta property=\"og:title\" content=\"T-shirt en coton bio unisexe | Galo Busters - Minhogalo\" \/>\n<meta property=\"og:description\" content=\"D\u00e9couvrez notre t-shirt en coton biologique \u00e0 100 %, un incontournable pour tous les amoureux du Portugal et du Minho. Commandez votre t-shirt Minhogalo\" \/>\n<meta property=\"og:url\" content=\"https:\/\/minhogalo.com\/fr\/produit\/t-shirt-en-coton-bio-unisexe-galo-busters-4\/\" \/>\n<meta property=\"og:site_name\" content=\"Minhogalo\" \/>\n<meta property=\"article:publisher\" content=\"https:\/\/www.facebook.com\/minhogalo\/\" \/>\n<meta property=\"article:modified_time\" content=\"2025-03-22T09:50:03+00:00\" \/>\n<meta property=\"og:image\" content=\"https:\/\/minhogalo.com\/wp-content\/uploads\/2023\/12\/unisex-organic-cotton-t-shirt-white-front-656c75315f682-1.jpg\" \/>\n\t<meta property=\"og:image:width\" content=\"2000\" \/>\n\t<meta property=\"og:image:height\" content=\"2000\" \/>\n\t<meta property=\"og:image:type\" content=\"image\/jpeg\" \/>\n<meta name=\"twitter:card\" content=\"summary_large_image\" \/>\n<meta name=\"twitter:label1\" content=\"Dur\u00e9e de lecture estim\u00e9e\" \/>\n\t<meta name=\"twitter:data1\" content=\"1 minute\" \/>\n<script type=\"application\/ld+json\" class=\"yoast-schema-graph\">{\"@context\":\"https:\\\/\\\/schema.org\",\"@graph\":[{\"@type\":\"WebPage\",\"@id\":\"https:\\\/\\\/minhogalo.com\\\/fr\\\/produit\\\/t-shirt-en-coton-bio-unisexe-galo-busters-4\\\/\",\"url\":\"https:\\\/\\\/minhogalo.com\\\/fr\\\/produit\\\/t-shirt-en-coton-bio-unisexe-galo-busters-4\\\/\",\"name\":\"T-shirt en coton bio unisexe | Galo Busters - Minhogalo\",\"isPartOf\":{\"@id\":\"https:\\\/\\\/minhogalo.com\\\/#website\"},\"primaryImageOfPage\":{\"@id\":\"https:\\\/\\\/minhogalo.com\\\/fr\\\/produit\\\/t-shirt-en-coton-bio-unisexe-galo-busters-4\\\/#primaryimage\"},\"image\":{\"@id\":\"https:\\\/\\\/minhogalo.com\\\/fr\\\/produit\\\/t-shirt-en-coton-bio-unisexe-galo-busters-4\\\/#primaryimage\"},\"thumbnailUrl\":\"https:\\\/\\\/minhogalo.com\\\/wp-content\\\/uploads\\\/2023\\\/12\\\/unisex-organic-cotton-t-shirt-white-front-656c75315f682-1.jpg\",\"datePublished\":\"2023-12-03T12:32:21+00:00\",\"dateModified\":\"2025-03-22T09:50:03+00:00\",\"description\":\"D\u00e9couvrez notre t-shirt en coton biologique \u00e0 100 %, un incontournable pour tous les amoureux du Portugal et du Minho. Commandez votre t-shirt Minhogalo\",\"breadcrumb\":{\"@id\":\"https:\\\/\\\/minhogalo.com\\\/fr\\\/produit\\\/t-shirt-en-coton-bio-unisexe-galo-busters-4\\\/#breadcrumb\"},\"inLanguage\":\"fr-FR\",\"potentialAction\":[{\"@type\":\"ReadAction\",\"target\":[\"https:\\\/\\\/minhogalo.com\\\/fr\\\/produit\\\/t-shirt-en-coton-bio-unisexe-galo-busters-4\\\/\"]}]},{\"@type\":\"ImageObject\",\"inLanguage\":\"fr-FR\",\"@id\":\"https:\\\/\\\/minhogalo.com\\\/fr\\\/produit\\\/t-shirt-en-coton-bio-unisexe-galo-busters-4\\\/#primaryimage\",\"url\":\"https:\\\/\\\/minhogalo.com\\\/wp-content\\\/uploads\\\/2023\\\/12\\\/unisex-organic-cotton-t-shirt-white-front-656c75315f682-1.jpg\",\"contentUrl\":\"https:\\\/\\\/minhogalo.com\\\/wp-content\\\/uploads\\\/2023\\\/12\\\/unisex-organic-cotton-t-shirt-white-front-656c75315f682-1.jpg\",\"width\":2000,\"height\":2000},{\"@type\":\"BreadcrumbList\",\"@id\":\"https:\\\/\\\/minhogalo.com\\\/fr\\\/produit\\\/t-shirt-en-coton-bio-unisexe-galo-busters-4\\\/#breadcrumb\",\"itemListElement\":[{\"@type\":\"ListItem\",\"position\":1,\"name\":\"Accueil\",\"item\":\"https:\\\/\\\/minhogalo.com\\\/fr\\\/\"},{\"@type\":\"ListItem\",\"position\":2,\"name\":\"Boutique\",\"item\":\"https:\\\/\\\/minhogalo.com\\\/fr\\\/\"},{\"@type\":\"ListItem\",\"position\":3,\"name\":\"T-shirt en coton bio unisexe | Galo Busters\"}]},{\"@type\":\"WebSite\",\"@id\":\"https:\\\/\\\/minhogalo.com\\\/#website\",\"url\":\"https:\\\/\\\/minhogalo.com\\\/\",\"name\":\"Minhogalo\",\"description\":\"A marca do Norte\",\"publisher\":{\"@id\":\"https:\\\/\\\/minhogalo.com\\\/#organization\"},\"potentialAction\":[{\"@type\":\"SearchAction\",\"target\":{\"@type\":\"EntryPoint\",\"urlTemplate\":\"https:\\\/\\\/minhogalo.com\\\/?s={search_term_string}\"},\"query-input\":{\"@type\":\"PropertyValueSpecification\",\"valueRequired\":true,\"valueName\":\"search_term_string\"}}],\"inLanguage\":\"fr-FR\"},{\"@type\":\"Organization\",\"@id\":\"https:\\\/\\\/minhogalo.com\\\/#organization\",\"name\":\"Minhogalo\",\"url\":\"https:\\\/\\\/minhogalo.com\\\/\",\"logo\":{\"@type\":\"ImageObject\",\"inLanguage\":\"fr-FR\",\"@id\":\"https:\\\/\\\/minhogalo.com\\\/#\\\/schema\\\/logo\\\/image\\\/\",\"url\":\"http:\\\/\\\/minhogalo.com\\\/wp-content\\\/uploads\\\/2023\\\/06\\\/cropped-favicon_minhogalo_t-shirt_do_minho_portugal.png\",\"contentUrl\":\"http:\\\/\\\/minhogalo.com\\\/wp-content\\\/uploads\\\/2023\\\/06\\\/cropped-favicon_minhogalo_t-shirt_do_minho_portugal.png\",\"width\":512,\"height\":512,\"caption\":\"Minhogalo\"},\"image\":{\"@id\":\"https:\\\/\\\/minhogalo.com\\\/#\\\/schema\\\/logo\\\/image\\\/\"},\"sameAs\":[\"https:\\\/\\\/www.facebook.com\\\/minhogalo\\\/\",\"https:\\\/\\\/www.instagram.com\\\/minhogalo\\\/\",\"https:\\\/\\\/www.pinterest.fr\\\/Minhogalo\\\/\",\"https:\\\/\\\/www.youtube.com\\\/@minhogalo6482\"]}]}<\/script>\n<!-- \/ Yoast SEO plugin. -->","yoast_head_json":{"title":"T-shirt en coton bio unisexe | Galo Busters - Minhogalo","description":"D\u00e9couvrez notre t-shirt en coton biologique \u00e0 100 %, un incontournable pour tous les amoureux du Portugal et du Minho. Commandez votre t-shirt Minhogalo","robots":{"index":"index","follow":"follow","max-snippet":"max-snippet:-1","max-image-preview":"max-image-preview:large","max-video-preview":"max-video-preview:-1"},"canonical":"https:\/\/minhogalo.com\/fr\/produit\/t-shirt-en-coton-bio-unisexe-galo-busters-4\/","og_locale":"fr_FR","og_type":"article","og_title":"T-shirt en coton bio unisexe | Galo Busters - Minhogalo","og_description":"D\u00e9couvrez notre t-shirt en coton biologique \u00e0 100 %, un incontournable pour tous les amoureux du Portugal et du Minho. Commandez votre t-shirt Minhogalo","og_url":"https:\/\/minhogalo.com\/fr\/produit\/t-shirt-en-coton-bio-unisexe-galo-busters-4\/","og_site_name":"Minhogalo","article_publisher":"https:\/\/www.facebook.com\/minhogalo\/","article_modified_time":"2025-03-22T09:50:03+00:00","og_image":[{"width":2000,"height":2000,"url":"https:\/\/minhogalo.com\/wp-content\/uploads\/2023\/12\/unisex-organic-cotton-t-shirt-white-front-656c75315f682-1.jpg","type":"image\/jpeg"}],"twitter_card":"summary_large_image","twitter_misc":{"Dur\u00e9e de lecture estim\u00e9e":"1 minute"},"schema":{"@context":"https:\/\/schema.org","@graph":[{"@type":"WebPage","@id":"https:\/\/minhogalo.com\/fr\/produit\/t-shirt-en-coton-bio-unisexe-galo-busters-4\/","url":"https:\/\/minhogalo.com\/fr\/produit\/t-shirt-en-coton-bio-unisexe-galo-busters-4\/","name":"T-shirt en coton bio unisexe | Galo Busters - Minhogalo","isPartOf":{"@id":"https:\/\/minhogalo.com\/#website"},"primaryImageOfPage":{"@id":"https:\/\/minhogalo.com\/fr\/produit\/t-shirt-en-coton-bio-unisexe-galo-busters-4\/#primaryimage"},"image":{"@id":"https:\/\/minhogalo.com\/fr\/produit\/t-shirt-en-coton-bio-unisexe-galo-busters-4\/#primaryimage"},"thumbnailUrl":"https:\/\/minhogalo.com\/wp-content\/uploads\/2023\/12\/unisex-organic-cotton-t-shirt-white-front-656c75315f682-1.jpg","datePublished":"2023-12-03T12:32:21+00:00","dateModified":"2025-03-22T09:50:03+00:00","description":"D\u00e9couvrez notre t-shirt en coton biologique \u00e0 100 %, un incontournable pour tous les amoureux du Portugal et du Minho. Commandez votre t-shirt Minhogalo","breadcrumb":{"@id":"https:\/\/minhogalo.com\/fr\/produit\/t-shirt-en-coton-bio-unisexe-galo-busters-4\/#breadcrumb"},"inLanguage":"fr-FR","potentialAction":[{"@type":"ReadAction","target":["https:\/\/minhogalo.com\/fr\/produit\/t-shirt-en-coton-bio-unisexe-galo-busters-4\/"]}]},{"@type":"ImageObject","inLanguage":"fr-FR","@id":"https:\/\/minhogalo.com\/fr\/produit\/t-shirt-en-coton-bio-unisexe-galo-busters-4\/#primaryimage","url":"https:\/\/minhogalo.com\/wp-content\/uploads\/2023\/12\/unisex-organic-cotton-t-shirt-white-front-656c75315f682-1.jpg","contentUrl":"https:\/\/minhogalo.com\/wp-content\/uploads\/2023\/12\/unisex-organic-cotton-t-shirt-white-front-656c75315f682-1.jpg","width":2000,"height":2000},{"@type":"BreadcrumbList","@id":"https:\/\/minhogalo.com\/fr\/produit\/t-shirt-en-coton-bio-unisexe-galo-busters-4\/#breadcrumb","itemListElement":[{"@type":"ListItem","position":1,"name":"Accueil","item":"https:\/\/minhogalo.com\/fr\/"},{"@type":"ListItem","position":2,"name":"Boutique","item":"https:\/\/minhogalo.com\/fr\/"},{"@type":"ListItem","position":3,"name":"T-shirt en coton bio unisexe | Galo Busters"}]},{"@type":"WebSite","@id":"https:\/\/minhogalo.com\/#website","url":"https:\/\/minhogalo.com\/","name":"Minhogalo","description":"A marca do Norte","publisher":{"@id":"https:\/\/minhogalo.com\/#organization"},"potentialAction":[{"@type":"SearchAction","target":{"@type":"EntryPoint","urlTemplate":"https:\/\/minhogalo.com\/?s={search_term_string}"},"query-input":{"@type":"PropertyValueSpecification","valueRequired":true,"valueName":"search_term_string"}}],"inLanguage":"fr-FR"},{"@type":"Organization","@id":"https:\/\/minhogalo.com\/#organization","name":"Minhogalo","url":"https:\/\/minhogalo.com\/","logo":{"@type":"ImageObject","inLanguage":"fr-FR","@id":"https:\/\/minhogalo.com\/#\/schema\/logo\/image\/","url":"http:\/\/minhogalo.com\/wp-content\/uploads\/2023\/06\/cropped-favicon_minhogalo_t-shirt_do_minho_portugal.png","contentUrl":"http:\/\/minhogalo.com\/wp-content\/uploads\/2023\/06\/cropped-favicon_minhogalo_t-shirt_do_minho_portugal.png","width":512,"height":512,"caption":"Minhogalo"},"image":{"@id":"https:\/\/minhogalo.com\/#\/schema\/logo\/image\/"},"sameAs":["https:\/\/www.facebook.com\/minhogalo\/","https:\/\/www.instagram.com\/minhogalo\/","https:\/\/www.pinterest.fr\/Minhogalo\/","https:\/\/www.youtube.com\/@minhogalo6482"]}]}},"_links":{"self":[{"href":"https:\/\/minhogalo.com\/fr\/wp-json\/wp\/v2\/product\/7810","targetHints":{"allow":["GET"]}}],"collection":[{"href":"https:\/\/minhogalo.com\/fr\/wp-json\/wp\/v2\/product"}],"about":[{"href":"https:\/\/minhogalo.com\/fr\/wp-json\/wp\/v2\/types\/product"}],"replies":[{"embeddable":true,"href":"https:\/\/minhogalo.com\/fr\/wp-json\/wp\/v2\/comments?post=7810"}],"wp:featuredmedia":[{"embeddable":true,"href":"https:\/\/minhogalo.com\/fr\/wp-json\/wp\/v2\/media\/7809"}],"wp:attachment":[{"href":"https:\/\/minhogalo.com\/fr\/wp-json\/wp\/v2\/media?parent=7810"}],"wp:term":[{"taxonomy":"product_brand","embeddable":true,"href":"https:\/\/minhogalo.com\/fr\/wp-json\/wp\/v2\/product_brand?post=7810"},{"taxonomy":"product_cat","embeddable":true,"href":"https:\/\/minhogalo.com\/fr\/wp-json\/wp\/v2\/product_cat?post=7810"},{"taxonomy":"product_tag","embeddable":true,"href":"https:\/\/minhogalo.com\/fr\/wp-json\/wp\/v2\/product_tag?post=7810"}],"curies":[{"name":"wp","href":"https:\/\/api.w.org\/{rel}","templated":true}]}}