{"id":10309,"date":"2025-03-29T10:49:37","date_gmt":"2025-03-29T09:49:37","guid":{"rendered":"https:\/\/minhogalo.com\/produit\/autocollant-geres-autocollant-original-du-portugal-minhogalo\/"},"modified":"2025-03-29T10:54:15","modified_gmt":"2025-03-29T09:54:15","slug":"autocollant-geres-autocollant-original-du-portugal-minhogalo","status":"publish","type":"product","link":"https:\/\/minhogalo.com\/fr\/produit\/autocollant-geres-autocollant-original-du-portugal-minhogalo\/","title":{"rendered":"Autocollant Ger\u00eas \u2013 Autocollant original du Portugal \u2013 Minhogalo"},"content":{"rendered":"<p>Amoureux de la culture portugaise et du Minho, vous allez adorer les autocollants Minhogalo ! Ces autocollants amusants et \u00e9l\u00e9gants ajouteront une touche unique aux objets et aux surfaces sur lesquels ils sont appliqu\u00e9s.<\/p>\n<p>DIMENSIONS<br \/>Largeur 14 cm \u2013 Hauteur 14 cm<\/p>\n<p>TECHNIQUE<br \/>Impression en quadrichromie haute d\u00e9finition sur vinyle durable \u00e0 fond blanc, r\u00e9sistant aux UV et parfait pour un usage quotidien.<\/p>\n<p>COMPOSITION<br \/>\nAutocollant en vinyle \u00e0 fond blanc opaque, sp\u00e9cialement con\u00e7u pour une application facile et sans bulles d\u2019air.<\/p>\n<p>SOIN<br \/>Application rapide et facile. Nettoyez la surface avant d\u2019appliquer l\u2019adh\u00e9sif pour une meilleure adh\u00e9rence.<\/p>\n<p>#Minhogalo #StyleMinho #AutocollantPortugais #Fiert\u00e9Portugaise #Sticker<\/p>\n","protected":false},"excerpt":{"rendered":"<p>D\u00e9couvrez nos stickers en vinyle adh\u00e9sif de haute qualit\u00e9 et exprimez votre amour du Portugal et du Minho. Commandez d\u00e8s maintenant votre autocollant Ger\u00eas National Park Minhogalo.<\/p>\n","protected":false},"featured_media":10308,"comment_status":"open","ping_status":"closed","template":"","meta":[],"product_brand":[],"product_cat":[536],"product_tag":[],"class_list":{"0":"post-10309","1":"product","2":"type-product","3":"status-publish","4":"has-post-thumbnail","6":"product_cat-stickers","8":"first","9":"instock","10":"taxable","11":"shipping-taxable","12":"purchasable","13":"product-type-simple","14":"prodpage-style3"},"yoast_head":"<!-- This site is optimized with the Yoast SEO plugin v27.4 - https:\/\/yoast.com\/product\/yoast-seo-wordpress\/ -->\n<title>Autocollant Ger\u00eas \u2013 Autocollant original du Portugal \u2013 Minhogalo - Minhogalo<\/title>\n<meta name=\"description\" content=\"D\u00e9couvrez nos stickers en vinyle adh\u00e9sif de haute qualit\u00e9 et exprimez votre amour du Portugal et du Minho. Commandez d\u00e8s maintenant votre sticker Minhogalo\" \/>\n<meta name=\"robots\" content=\"index, follow, max-snippet:-1, max-image-preview:large, max-video-preview:-1\" \/>\n<link rel=\"canonical\" href=\"https:\/\/minhogalo.com\/fr\/produit\/autocollant-geres-autocollant-original-du-portugal-minhogalo\/\" \/>\n<meta property=\"og:locale\" content=\"fr_FR\" \/>\n<meta property=\"og:type\" content=\"article\" \/>\n<meta property=\"og:title\" content=\"Autocollant Ger\u00eas \u2013 Autocollant original du Portugal \u2013 Minhogalo - Minhogalo\" \/>\n<meta property=\"og:description\" content=\"D\u00e9couvrez nos stickers en vinyle adh\u00e9sif de haute qualit\u00e9 et exprimez votre amour du Portugal et du Minho. Commandez d\u00e8s maintenant votre sticker Minhogalo\" \/>\n<meta property=\"og:url\" content=\"https:\/\/minhogalo.com\/fr\/produit\/autocollant-geres-autocollant-original-du-portugal-minhogalo\/\" \/>\n<meta property=\"og:site_name\" content=\"Minhogalo\" \/>\n<meta property=\"article:publisher\" content=\"https:\/\/www.facebook.com\/minhogalo\/\" \/>\n<meta property=\"article:modified_time\" content=\"2025-03-29T09:54:15+00:00\" \/>\n<meta property=\"og:image\" content=\"https:\/\/minhogalo.com\/wp-content\/uploads\/2025\/03\/kiss-cut-stickers-white-5.5x5.5-default-67e7c22d183e0.jpg\" \/>\n\t<meta property=\"og:image:width\" content=\"1000\" \/>\n\t<meta property=\"og:image:height\" content=\"1000\" \/>\n\t<meta property=\"og:image:type\" content=\"image\/jpeg\" \/>\n<meta name=\"twitter:card\" content=\"summary_large_image\" \/>\n<meta name=\"twitter:label1\" content=\"Dur\u00e9e de lecture estim\u00e9e\" \/>\n\t<meta name=\"twitter:data1\" content=\"1 minute\" \/>\n<script type=\"application\/ld+json\" class=\"yoast-schema-graph\">{\"@context\":\"https:\\\/\\\/schema.org\",\"@graph\":[{\"@type\":\"WebPage\",\"@id\":\"https:\\\/\\\/minhogalo.com\\\/fr\\\/produit\\\/autocollant-geres-autocollant-original-du-portugal-minhogalo\\\/\",\"url\":\"https:\\\/\\\/minhogalo.com\\\/fr\\\/produit\\\/autocollant-geres-autocollant-original-du-portugal-minhogalo\\\/\",\"name\":\"Autocollant Ger\u00eas \u2013 Autocollant original du Portugal \u2013 Minhogalo - Minhogalo\",\"isPartOf\":{\"@id\":\"https:\\\/\\\/minhogalo.com\\\/#website\"},\"primaryImageOfPage\":{\"@id\":\"https:\\\/\\\/minhogalo.com\\\/fr\\\/produit\\\/autocollant-geres-autocollant-original-du-portugal-minhogalo\\\/#primaryimage\"},\"image\":{\"@id\":\"https:\\\/\\\/minhogalo.com\\\/fr\\\/produit\\\/autocollant-geres-autocollant-original-du-portugal-minhogalo\\\/#primaryimage\"},\"thumbnailUrl\":\"https:\\\/\\\/minhogalo.com\\\/wp-content\\\/uploads\\\/2025\\\/03\\\/kiss-cut-stickers-white-5.5x5.5-default-67e7c22d183e0.jpg\",\"datePublished\":\"2025-03-29T09:49:37+00:00\",\"dateModified\":\"2025-03-29T09:54:15+00:00\",\"description\":\"D\u00e9couvrez nos stickers en vinyle adh\u00e9sif de haute qualit\u00e9 et exprimez votre amour du Portugal et du Minho. Commandez d\u00e8s maintenant votre sticker Minhogalo\",\"breadcrumb\":{\"@id\":\"https:\\\/\\\/minhogalo.com\\\/fr\\\/produit\\\/autocollant-geres-autocollant-original-du-portugal-minhogalo\\\/#breadcrumb\"},\"inLanguage\":\"fr-FR\",\"potentialAction\":[{\"@type\":\"ReadAction\",\"target\":[\"https:\\\/\\\/minhogalo.com\\\/fr\\\/produit\\\/autocollant-geres-autocollant-original-du-portugal-minhogalo\\\/\"]}]},{\"@type\":\"ImageObject\",\"inLanguage\":\"fr-FR\",\"@id\":\"https:\\\/\\\/minhogalo.com\\\/fr\\\/produit\\\/autocollant-geres-autocollant-original-du-portugal-minhogalo\\\/#primaryimage\",\"url\":\"https:\\\/\\\/minhogalo.com\\\/wp-content\\\/uploads\\\/2025\\\/03\\\/kiss-cut-stickers-white-5.5x5.5-default-67e7c22d183e0.jpg\",\"contentUrl\":\"https:\\\/\\\/minhogalo.com\\\/wp-content\\\/uploads\\\/2025\\\/03\\\/kiss-cut-stickers-white-5.5x5.5-default-67e7c22d183e0.jpg\",\"width\":1000,\"height\":1000},{\"@type\":\"BreadcrumbList\",\"@id\":\"https:\\\/\\\/minhogalo.com\\\/fr\\\/produit\\\/autocollant-geres-autocollant-original-du-portugal-minhogalo\\\/#breadcrumb\",\"itemListElement\":[{\"@type\":\"ListItem\",\"position\":1,\"name\":\"Accueil\",\"item\":\"https:\\\/\\\/minhogalo.com\\\/fr\\\/\"},{\"@type\":\"ListItem\",\"position\":2,\"name\":\"Boutique\",\"item\":\"https:\\\/\\\/minhogalo.com\\\/fr\\\/\"},{\"@type\":\"ListItem\",\"position\":3,\"name\":\"Autocollant Ger\u00eas \u2013 Autocollant original du Portugal \u2013 Minhogalo\"}]},{\"@type\":\"WebSite\",\"@id\":\"https:\\\/\\\/minhogalo.com\\\/#website\",\"url\":\"https:\\\/\\\/minhogalo.com\\\/\",\"name\":\"Minhogalo\",\"description\":\"A marca do Norte\",\"publisher\":{\"@id\":\"https:\\\/\\\/minhogalo.com\\\/#organization\"},\"potentialAction\":[{\"@type\":\"SearchAction\",\"target\":{\"@type\":\"EntryPoint\",\"urlTemplate\":\"https:\\\/\\\/minhogalo.com\\\/?s={search_term_string}\"},\"query-input\":{\"@type\":\"PropertyValueSpecification\",\"valueRequired\":true,\"valueName\":\"search_term_string\"}}],\"inLanguage\":\"fr-FR\"},{\"@type\":\"Organization\",\"@id\":\"https:\\\/\\\/minhogalo.com\\\/#organization\",\"name\":\"Minhogalo\",\"url\":\"https:\\\/\\\/minhogalo.com\\\/\",\"logo\":{\"@type\":\"ImageObject\",\"inLanguage\":\"fr-FR\",\"@id\":\"https:\\\/\\\/minhogalo.com\\\/#\\\/schema\\\/logo\\\/image\\\/\",\"url\":\"http:\\\/\\\/minhogalo.com\\\/wp-content\\\/uploads\\\/2023\\\/06\\\/cropped-favicon_minhogalo_t-shirt_do_minho_portugal.png\",\"contentUrl\":\"http:\\\/\\\/minhogalo.com\\\/wp-content\\\/uploads\\\/2023\\\/06\\\/cropped-favicon_minhogalo_t-shirt_do_minho_portugal.png\",\"width\":512,\"height\":512,\"caption\":\"Minhogalo\"},\"image\":{\"@id\":\"https:\\\/\\\/minhogalo.com\\\/#\\\/schema\\\/logo\\\/image\\\/\"},\"sameAs\":[\"https:\\\/\\\/www.facebook.com\\\/minhogalo\\\/\",\"https:\\\/\\\/www.instagram.com\\\/minhogalo\\\/\",\"https:\\\/\\\/www.pinterest.fr\\\/Minhogalo\\\/\",\"https:\\\/\\\/www.youtube.com\\\/@minhogalo6482\"]}]}<\/script>\n<!-- \/ Yoast SEO plugin. -->","yoast_head_json":{"title":"Autocollant Ger\u00eas \u2013 Autocollant original du Portugal \u2013 Minhogalo - Minhogalo","description":"D\u00e9couvrez nos stickers en vinyle adh\u00e9sif de haute qualit\u00e9 et exprimez votre amour du Portugal et du Minho. Commandez d\u00e8s maintenant votre sticker Minhogalo","robots":{"index":"index","follow":"follow","max-snippet":"max-snippet:-1","max-image-preview":"max-image-preview:large","max-video-preview":"max-video-preview:-1"},"canonical":"https:\/\/minhogalo.com\/fr\/produit\/autocollant-geres-autocollant-original-du-portugal-minhogalo\/","og_locale":"fr_FR","og_type":"article","og_title":"Autocollant Ger\u00eas \u2013 Autocollant original du Portugal \u2013 Minhogalo - Minhogalo","og_description":"D\u00e9couvrez nos stickers en vinyle adh\u00e9sif de haute qualit\u00e9 et exprimez votre amour du Portugal et du Minho. Commandez d\u00e8s maintenant votre sticker Minhogalo","og_url":"https:\/\/minhogalo.com\/fr\/produit\/autocollant-geres-autocollant-original-du-portugal-minhogalo\/","og_site_name":"Minhogalo","article_publisher":"https:\/\/www.facebook.com\/minhogalo\/","article_modified_time":"2025-03-29T09:54:15+00:00","og_image":[{"width":1000,"height":1000,"url":"https:\/\/minhogalo.com\/wp-content\/uploads\/2025\/03\/kiss-cut-stickers-white-5.5x5.5-default-67e7c22d183e0.jpg","type":"image\/jpeg"}],"twitter_card":"summary_large_image","twitter_misc":{"Dur\u00e9e de lecture estim\u00e9e":"1 minute"},"schema":{"@context":"https:\/\/schema.org","@graph":[{"@type":"WebPage","@id":"https:\/\/minhogalo.com\/fr\/produit\/autocollant-geres-autocollant-original-du-portugal-minhogalo\/","url":"https:\/\/minhogalo.com\/fr\/produit\/autocollant-geres-autocollant-original-du-portugal-minhogalo\/","name":"Autocollant Ger\u00eas \u2013 Autocollant original du Portugal \u2013 Minhogalo - Minhogalo","isPartOf":{"@id":"https:\/\/minhogalo.com\/#website"},"primaryImageOfPage":{"@id":"https:\/\/minhogalo.com\/fr\/produit\/autocollant-geres-autocollant-original-du-portugal-minhogalo\/#primaryimage"},"image":{"@id":"https:\/\/minhogalo.com\/fr\/produit\/autocollant-geres-autocollant-original-du-portugal-minhogalo\/#primaryimage"},"thumbnailUrl":"https:\/\/minhogalo.com\/wp-content\/uploads\/2025\/03\/kiss-cut-stickers-white-5.5x5.5-default-67e7c22d183e0.jpg","datePublished":"2025-03-29T09:49:37+00:00","dateModified":"2025-03-29T09:54:15+00:00","description":"D\u00e9couvrez nos stickers en vinyle adh\u00e9sif de haute qualit\u00e9 et exprimez votre amour du Portugal et du Minho. Commandez d\u00e8s maintenant votre sticker Minhogalo","breadcrumb":{"@id":"https:\/\/minhogalo.com\/fr\/produit\/autocollant-geres-autocollant-original-du-portugal-minhogalo\/#breadcrumb"},"inLanguage":"fr-FR","potentialAction":[{"@type":"ReadAction","target":["https:\/\/minhogalo.com\/fr\/produit\/autocollant-geres-autocollant-original-du-portugal-minhogalo\/"]}]},{"@type":"ImageObject","inLanguage":"fr-FR","@id":"https:\/\/minhogalo.com\/fr\/produit\/autocollant-geres-autocollant-original-du-portugal-minhogalo\/#primaryimage","url":"https:\/\/minhogalo.com\/wp-content\/uploads\/2025\/03\/kiss-cut-stickers-white-5.5x5.5-default-67e7c22d183e0.jpg","contentUrl":"https:\/\/minhogalo.com\/wp-content\/uploads\/2025\/03\/kiss-cut-stickers-white-5.5x5.5-default-67e7c22d183e0.jpg","width":1000,"height":1000},{"@type":"BreadcrumbList","@id":"https:\/\/minhogalo.com\/fr\/produit\/autocollant-geres-autocollant-original-du-portugal-minhogalo\/#breadcrumb","itemListElement":[{"@type":"ListItem","position":1,"name":"Accueil","item":"https:\/\/minhogalo.com\/fr\/"},{"@type":"ListItem","position":2,"name":"Boutique","item":"https:\/\/minhogalo.com\/fr\/"},{"@type":"ListItem","position":3,"name":"Autocollant Ger\u00eas \u2013 Autocollant original du Portugal \u2013 Minhogalo"}]},{"@type":"WebSite","@id":"https:\/\/minhogalo.com\/#website","url":"https:\/\/minhogalo.com\/","name":"Minhogalo","description":"A marca do Norte","publisher":{"@id":"https:\/\/minhogalo.com\/#organization"},"potentialAction":[{"@type":"SearchAction","target":{"@type":"EntryPoint","urlTemplate":"https:\/\/minhogalo.com\/?s={search_term_string}"},"query-input":{"@type":"PropertyValueSpecification","valueRequired":true,"valueName":"search_term_string"}}],"inLanguage":"fr-FR"},{"@type":"Organization","@id":"https:\/\/minhogalo.com\/#organization","name":"Minhogalo","url":"https:\/\/minhogalo.com\/","logo":{"@type":"ImageObject","inLanguage":"fr-FR","@id":"https:\/\/minhogalo.com\/#\/schema\/logo\/image\/","url":"http:\/\/minhogalo.com\/wp-content\/uploads\/2023\/06\/cropped-favicon_minhogalo_t-shirt_do_minho_portugal.png","contentUrl":"http:\/\/minhogalo.com\/wp-content\/uploads\/2023\/06\/cropped-favicon_minhogalo_t-shirt_do_minho_portugal.png","width":512,"height":512,"caption":"Minhogalo"},"image":{"@id":"https:\/\/minhogalo.com\/#\/schema\/logo\/image\/"},"sameAs":["https:\/\/www.facebook.com\/minhogalo\/","https:\/\/www.instagram.com\/minhogalo\/","https:\/\/www.pinterest.fr\/Minhogalo\/","https:\/\/www.youtube.com\/@minhogalo6482"]}]}},"_links":{"self":[{"href":"https:\/\/minhogalo.com\/fr\/wp-json\/wp\/v2\/product\/10309","targetHints":{"allow":["GET"]}}],"collection":[{"href":"https:\/\/minhogalo.com\/fr\/wp-json\/wp\/v2\/product"}],"about":[{"href":"https:\/\/minhogalo.com\/fr\/wp-json\/wp\/v2\/types\/product"}],"replies":[{"embeddable":true,"href":"https:\/\/minhogalo.com\/fr\/wp-json\/wp\/v2\/comments?post=10309"}],"wp:featuredmedia":[{"embeddable":true,"href":"https:\/\/minhogalo.com\/fr\/wp-json\/wp\/v2\/media\/10308"}],"wp:attachment":[{"href":"https:\/\/minhogalo.com\/fr\/wp-json\/wp\/v2\/media?parent=10309"}],"wp:term":[{"taxonomy":"product_brand","embeddable":true,"href":"https:\/\/minhogalo.com\/fr\/wp-json\/wp\/v2\/product_brand?post=10309"},{"taxonomy":"product_cat","embeddable":true,"href":"https:\/\/minhogalo.com\/fr\/wp-json\/wp\/v2\/product_cat?post=10309"},{"taxonomy":"product_tag","embeddable":true,"href":"https:\/\/minhogalo.com\/fr\/wp-json\/wp\/v2\/product_tag?post=10309"}],"curies":[{"name":"wp","href":"https:\/\/api.w.org\/{rel}","templated":true}]}}